{"id":246217,"date":"2022-10-14T13:27:02","date_gmt":"2022-10-14T13:27:02","guid":{"rendered":"https:\/\/staging.thememorist.com\/restaurer\/"},"modified":"2025-01-16T12:19:27","modified_gmt":"2025-01-16T12:19:27","slug":"restaurierung-des-kulturerbes","status":"publish","type":"page","link":"https:\/\/staging.thememorist.com\/de\/restaurierung-des-kulturerbes\/","title":{"rendered":"Restaurieren"},"content":{"rendered":"<p>[et_pb_section fb_built=&#8220;1&#8243; fullwidth=&#8220;on&#8220; _builder_version=&#8220;4.16&#8243; _module_preset=&#8220;default&#8220; collapsed=&#8220;on&#8220; global_colors_info=&#8220;{}&#8220;][et_pb_fullwidth_header title=&#8220;Num\u00e9riser&#8220; background_overlay_color=&#8220;rgba(0,0,0,0.44)&#8220; disabled_on=&#8220;on|on|on&#8220; admin_label=&#8220;Fullwidth Header&#8220; _builder_version=&#8220;4.16&#8243; _module_preset=&#8220;default&#8220; title_font=&#8220;|600||on|||||&#8220; title_text_align=&#8220;left&#8220; title_font_size=&#8220;48px&#8220; use_background_color_gradient=&#8220;on&#8220; background_image=&#8220;https:\/\/staging.thememorist.com\/wp-content\/uploads\/2022\/10\/Photo_drone_AGP_Opera.jpg&#8220; parallax=&#8220;on&#8220; custom_margin=&#8220;||||true|false&#8220; custom_padding=&#8220;120px||120px||true|false&#8220; child_filter_hue_rotate=&#8220;26deg&#8220; child_filter_brightness=&#8220;200%&#8220; child_filter_contrast=&#8220;161%&#8220; title_text_shadow_style=&#8220;preset1&#8243; text_shadow_style=&#8220;preset4&#8243; disabled=&#8220;on&#8220; global_colors_info=&#8220;{}&#8220;][\/et_pb_fullwidth_header][\/et_pb_section][et_pb_section fb_built=&#8220;1&#8243; admin_label=&#8220;traditionnelle&#8220; module_id=&#8220;patrimoine&#8220; _builder_version=&#8220;4.16&#8243; _module_preset=&#8220;default&#8220; background_color=&#8220;RGBA(255,255,255,0)&#8220; custom_padding=&#8220;||0px||false|false&#8220; collapsed=&#8220;on&#8220; global_colors_info=&#8220;{}&#8220;][et_pb_row _builder_version=&#8220;4.16&#8243; _module_preset=&#8220;54397384-23b5-4fc6-84ee-1fe3d5c4379e&#8220; global_colors_info=&#8220;{}&#8220;][et_pb_column type=&#8220;4_4&#8243; _builder_version=&#8220;4.16&#8243; _module_preset=&#8220;default&#8220; global_colors_info=&#8220;{}&#8220;][et_pb_text _builder_version=&#8220;4.16&#8243; _module_preset=&#8220;4d210997-881b-4981-9f42-50a7c50b59d4&#8243; global_colors_info=&#8220;{}&#8220;]<\/p>\n<h2>RESTAURATION DU PATRIMOINE \u00c9CRIT<\/h2>\n<p>[\/et_pb_text][et_pb_divider _builder_version=&#8220;4.16&#8243; _module_preset=&#8220;760a2f8d-29c8-4ef6-8dac-db61c1d37796&#8243; saved_tabs=&#8220;all&#8220; global_colors_info=&#8220;{}&#8220;][\/et_pb_divider][et_pb_text _builder_version=&#8220;4.16&#8243; _module_preset=&#8220;a15a8181-65f0-4980-b2fa-dc8c9c2eed60&#8243; custom_margin=&#8220;||30px||false|false&#8220; global_colors_info=&#8220;{}&#8220;]<\/p>\n<p>Notre patrimoine \u00e9crit est expos\u00e9 \u00e0 de nombreuses causes de d\u00e9gradation allant du vieillissement naturel li\u00e9 \u00e0 l\u2019\u00e9volution de ses constituants, aux pollutions ext\u00e9rieures et aux demandes croissantes de consultation.<\/p>\n<p>La mission de <a href=\"https:\/\/staging.thememorist.com\/de\/\">MEMORIST<\/a> est d&#8217;assurer la p\u00e9rennit\u00e9 et la pr\u00e9servation du patrimoine \u00e9crit.<\/p>\n<p>[\/et_pb_text][\/et_pb_column][\/et_pb_row][et_pb_row column_structure=&#8220;1_2,1_2&#8243; make_equal=&#8220;on&#8220; _builder_version=&#8220;4.16&#8243; _module_preset=&#8220;dad89077-b2e2-436d-b612-3802a4fb974f&#8220; global_colors_info=&#8220;{}&#8220;][et_pb_column type=&#8220;1_2&#8243; admin_label=&#8220;txt&#8220; _builder_version=&#8220;4.16&#8243; _module_preset=&#8220;default&#8220; global_colors_info=&#8220;{}&#8220;][et_pb_text _builder_version=&#8220;4.16&#8243; _module_preset=&#8220;5f0ef5a0-32cd-4ab3-a6f6-7dcb784d227b&#8220; global_colors_info=&#8220;{}&#8220;]<\/p>\n<h3>Restauration papeti\u00e8re<\/h3>\n<p>[\/et_pb_text][et_pb_text _builder_version=&#8220;4.16&#8243; _module_preset=&#8220;a15a8181-65f0-4980-b2fa-dc8c9c2eed60&#8243; global_colors_info=&#8220;{}&#8220;]<\/p>\n<p>Nos restaurateurs disposent de tous les mat\u00e9riels et mat\u00e9riaux sp\u00e9cifiquement d\u00e9di\u00e9s au <a href=\"https:\/\/www.lareliure.fr\/nos-metiers\/restauration-de-fonds-anciens\/\" target=\"_blank\" rel=\"noopener\">traitement des papiers anciens ou plus contemporains<\/a>.<\/p>\n<p>Les choix des modalit\u00e9s de leur mise en oeuvre r\u00e9sultent toujours d\u2019une r\u00e9flexion concert\u00e9e et appropri\u00e9e \u00e0 la nature et niveau de d\u00e9gradations du support.<\/p>\n<p>Pour chaque ouvrage, nos restaurateurs tiennent donc syst\u00e9matiquement compte des param\u00e8tres de composition des papiers (nature, grammage, teinte) de m\u00eame que ceux concernant les encres ou tout autre pigment.<\/p>\n<p>[\/et_pb_text][\/et_pb_column][et_pb_column type=&#8220;1_2&#8243; admin_label=&#8220;img&#8220; _builder_version=&#8220;4.16&#8243; _module_preset=&#8220;default&#8220; global_colors_info=&#8220;{}&#8220;][et_pb_blurb _builder_version=&#8220;4.16&#8243; _module_preset=&#8220;fae6ec11-c255-41da-8e5f-ff069afb07f3&#8243; global_colors_info=&#8220;{}&#8220;][\/et_pb_blurb][\/et_pb_column][\/et_pb_row][et_pb_row column_structure=&#8220;1_3,1_3,1_3&#8243; _builder_version=&#8220;4.16&#8243; _module_preset=&#8220;default&#8220; width=&#8220;60%&#8220; module_alignment=&#8220;center&#8220; height=&#8220;140px&#8220; height_tablet=&#8220;140px&#8220; height_phone=&#8220;140px&#8220; height_last_edited=&#8220;on|desktop&#8220; global_colors_info=&#8220;{}&#8220;][et_pb_column type=&#8220;1_3&#8243; _builder_version=&#8220;4.16&#8243; _module_preset=&#8220;default&#8220; global_colors_info=&#8220;{}&#8220;][et_pb_gallery gallery_ids=&#8220;244538&#8243; _builder_version=&#8220;4.16&#8243; _module_preset=&#8220;81b90dc2-b5ba-4ece-b593-d8ce446ad1a5&#8243; height=&#8220;140px&#8220; custom_margin=&#8220;||||false|false&#8220; box_shadow_style_image=&#8220;preset2&#8243; box_shadow_horizontal_image=&#8220;4px&#8220; box_shadow_vertical_image=&#8220;4px&#8220; box_shadow_blur_image=&#8220;23px&#8220; global_colors_info=&#8220;{}&#8220;][\/et_pb_gallery][\/et_pb_column][et_pb_column type=&#8220;1_3&#8243; _builder_version=&#8220;4.16&#8243; _module_preset=&#8220;default&#8220; global_colors_info=&#8220;{}&#8220;][et_pb_gallery gallery_ids=&#8220;243722&#8243; _builder_version=&#8220;4.16&#8243; _module_preset=&#8220;81b90dc2-b5ba-4ece-b593-d8ce446ad1a5&#8243; height=&#8220;140px&#8220; box_shadow_style_image=&#8220;preset2&#8243; box_shadow_horizontal_image=&#8220;4px&#8220; box_shadow_vertical_image=&#8220;4px&#8220; box_shadow_blur_image=&#8220;23px&#8220; global_colors_info=&#8220;{}&#8220;][\/et_pb_gallery][\/et_pb_column][et_pb_column type=&#8220;1_3&#8243; _builder_version=&#8220;4.16&#8243; _module_preset=&#8220;default&#8220; global_colors_info=&#8220;{}&#8220;][et_pb_gallery gallery_ids=&#8220;243712&#8243; _builder_version=&#8220;4.16&#8243; _module_preset=&#8220;81b90dc2-b5ba-4ece-b593-d8ce446ad1a5&#8243; height=&#8220;140px&#8220; box_shadow_style_image=&#8220;preset2&#8243; box_shadow_horizontal_image=&#8220;4px&#8220; box_shadow_vertical_image=&#8220;4px&#8220; box_shadow_blur_image=&#8220;23px&#8220; global_colors_info=&#8220;{}&#8220;][\/et_pb_gallery][\/et_pb_column][\/et_pb_row][et_pb_row column_structure=&#8220;1_2,1_2&#8243; make_equal=&#8220;on&#8220; _builder_version=&#8220;4.16&#8243; _module_preset=&#8220;dad89077-b2e2-436d-b612-3802a4fb974f&#8220; custom_margin=&#8220;||||false|false&#8220; global_colors_info=&#8220;{}&#8220;][et_pb_column type=&#8220;1_2&#8243; _builder_version=&#8220;4.16&#8243; _module_preset=&#8220;default&#8220; global_colors_info=&#8220;{}&#8220;][et_pb_blurb _builder_version=&#8220;4.16&#8243; _module_preset=&#8220;fae6ec11-c255-41da-8e5f-ff069afb07f3&#8243; background_image=&#8220;https:\/\/staging.thememorist.com\/wp-content\/uploads\/2022\/12\/restaurer-journal.jpg&#8220; global_colors_info=&#8220;{}&#8220;][\/et_pb_blurb][\/et_pb_column][et_pb_column type=&#8220;1_2&#8243; _builder_version=&#8220;4.16&#8243; _module_preset=&#8220;default&#8220; global_colors_info=&#8220;{}&#8220;][et_pb_text _builder_version=&#8220;4.16&#8243; _module_preset=&#8220;5f0ef5a0-32cd-4ab3-a6f6-7dcb784d227b&#8220; global_colors_info=&#8220;{}&#8220;]<\/p>\n<h3>Restauration de couvrures anciennes<\/h3>\n<p>[\/et_pb_text][et_pb_text _builder_version=&#8220;4.16&#8243; _module_preset=&#8220;a15a8181-65f0-4980-b2fa-dc8c9c2eed60&#8243; global_colors_info=&#8220;{}&#8220;]Qu\u2019il s\u2019agisse de reliures de cuir fa\u00e7onn\u00e9es sur des plats carton ou sur des ais de bois, de couvrures en peau de parchemin ou en papier, toutes nos interventions sont totalement respectueuses des techniques et des mat\u00e9riaux d\u2019origine.<\/p>\n<p>Pour ce faire, nos relieurs-restaurateurs parfaitement form\u00e9s aux techniques de reliure d\u2019\u00e9poque sont \u00e0 m\u00eame de consolider l\u2019existant sans en d\u00e9naturer la forme, tout comme de reproduire les gestes d\u2019antan.[\/et_pb_text][\/et_pb_column][\/et_pb_row][et_pb_row column_structure=&#8220;1_3,1_3,1_3&#8243; _builder_version=&#8220;4.16&#8243; _module_preset=&#8220;default&#8220; width=&#8220;60%&#8220; module_alignment=&#8220;center&#8220; height=&#8220;140px&#8220; locked=&#8220;off&#8220; global_colors_info=&#8220;{}&#8220;][et_pb_column type=&#8220;1_3&#8243; _builder_version=&#8220;4.16&#8243; _module_preset=&#8220;default&#8220; global_colors_info=&#8220;{}&#8220;][et_pb_gallery gallery_ids=&#8220;244069&#8243; _builder_version=&#8220;4.16&#8243; _module_preset=&#8220;81b90dc2-b5ba-4ece-b593-d8ce446ad1a5&#8243; height=&#8220;140px&#8220; custom_margin=&#8220;||||false|false&#8220; box_shadow_style_image=&#8220;preset2&#8243; box_shadow_horizontal_image=&#8220;4px&#8220; box_shadow_vertical_image=&#8220;4px&#8220; box_shadow_blur_image=&#8220;23px&#8220; global_colors_info=&#8220;{}&#8220;][\/et_pb_gallery][\/et_pb_column][et_pb_column type=&#8220;1_3&#8243; _builder_version=&#8220;4.16&#8243; _module_preset=&#8220;default&#8220; global_colors_info=&#8220;{}&#8220;][et_pb_gallery gallery_ids=&#8220;244070&#8243; _builder_version=&#8220;4.16&#8243; _module_preset=&#8220;81b90dc2-b5ba-4ece-b593-d8ce446ad1a5&#8243; height=&#8220;140px&#8220; box_shadow_style_image=&#8220;preset2&#8243; box_shadow_horizontal_image=&#8220;4px&#8220; box_shadow_vertical_image=&#8220;4px&#8220; box_shadow_blur_image=&#8220;23px&#8220; global_colors_info=&#8220;{}&#8220;][\/et_pb_gallery][\/et_pb_column][et_pb_column type=&#8220;1_3&#8243; _builder_version=&#8220;4.16&#8243; _module_preset=&#8220;default&#8220; global_colors_info=&#8220;{}&#8220;][et_pb_gallery gallery_ids=&#8220;244550&#8243; _builder_version=&#8220;4.16&#8243; _module_preset=&#8220;81b90dc2-b5ba-4ece-b593-d8ce446ad1a5&#8243; height=&#8220;140px&#8220; box_shadow_style_image=&#8220;preset2&#8243; box_shadow_horizontal_image=&#8220;4px&#8220; box_shadow_vertical_image=&#8220;4px&#8220; box_shadow_blur_image=&#8220;23px&#8220; global_colors_info=&#8220;{}&#8220;][\/et_pb_gallery][\/et_pb_column][\/et_pb_row][\/et_pb_section][et_pb_section fb_built=&#8220;1&#8243; _builder_version=&#8220;4.16&#8243; _module_preset=&#8220;6002e40f-1f23-4612-8704-440729494ee4&#8243; collapsed=&#8220;on&#8220; global_colors_info=&#8220;{}&#8220;][et_pb_row column_structure=&#8220;1_2,1_2&#8243; make_equal=&#8220;on&#8220; admin_label=&#8220;administrative&#8220; _builder_version=&#8220;4.16&#8243; _module_preset=&#8220;dad89077-b2e2-436d-b612-3802a4fb974f&#8220; global_colors_info=&#8220;{}&#8220;][et_pb_column type=&#8220;1_2&#8243; admin_label=&#8220;column txt&#8220; _builder_version=&#8220;4.16&#8243; _module_preset=&#8220;e35c7d15-c8ab-4f5c-9e3d-28e713cfd29a&#8220; global_colors_info=&#8220;{}&#8220;][et_pb_text _builder_version=&#8220;4.16&#8243; _module_preset=&#8220;5f0ef5a0-32cd-4ab3-a6f6-7dcb784d227b&#8220; global_colors_info=&#8220;{}&#8220;]<\/p>\n<h3>Restauration de documents figur\u00e9s<\/h3>\n<p>[\/et_pb_text][et_pb_text _builder_version=&#8220;4.16&#8243; _module_preset=&#8220;a15a8181-65f0-4980-b2fa-dc8c9c2eed60&#8243; global_colors_info=&#8220;{}&#8220;]<\/p>\n<p>Les fonds des archives, des mus\u00e9es et des biblioth\u00e8ques sont riches de documents relevant de l\u2019iconographie (plans sur papier, sur calque, sur toile, gravures, affiches&#8230;).<\/p>\n<p>La diversit\u00e9 des supports, des techniques d\u2019illustration (encres, pigments, impressions) et des modalit\u00e9s de bonne conservation et de protection finale des documents sont parfaitement connues et maitris\u00e9es par nos restaurateurs. Ce qui nous permet d\u2019\u00eatre en mesure de toujours <a href=\"https:\/\/www.arkhenum.fr\/expertises\/gestion-des-fonds-patrimoniaux\/\" target=\"_blank\" rel=\"noopener\">proposer le projet de gestion des fonds patrimoniaux le plus ad\u00e9quat<\/a>.<\/p>\n<p>[\/et_pb_text][\/et_pb_column][et_pb_column type=&#8220;1_2&#8243; admin_label=&#8220;column img&#8220; _builder_version=&#8220;4.16&#8243; _module_preset=&#8220;7a465f96-80b7-4581-a458-97dbcd19f6ea&#8220; global_colors_info=&#8220;{}&#8220; custom_css_main_element_last_edited=&#8220;on|tablet&#8220;][et_pb_image src=&#8220;https:\/\/staging.thememorist.com\/wp-content\/uploads\/2022\/12\/restaurer-cpt.jpg&#8220; title_text=&#8220;restaurer-cpt&#8220; _builder_version=&#8220;4.16&#8243; _module_preset=&#8220;0d93085b-4130-4d3e-be0e-6210c74865f7&#8243; global_colors_info=&#8220;{}&#8220;][\/et_pb_image][\/et_pb_column][\/et_pb_row][\/et_pb_section][et_pb_section fb_built=&#8220;1&#8243; _builder_version=&#8220;4.16&#8243; _module_preset=&#8220;6002e40f-1f23-4612-8704-440729494ee4&#8243; collapsed=&#8220;on&#8220; global_colors_info=&#8220;{}&#8220;][et_pb_row column_structure=&#8220;1_4,1_4,1_4,1_4&#8243; _builder_version=&#8220;4.16&#8243; _module_preset=&#8220;default&#8220; module_alignment=&#8220;center&#8220; height=&#8220;140px&#8220; height_tablet=&#8220;&#8220; height_phone=&#8220;&#8220; height_last_edited=&#8220;on|phone&#8220; global_colors_info=&#8220;{}&#8220;][et_pb_column type=&#8220;1_4&#8243; _builder_version=&#8220;4.16&#8243; _module_preset=&#8220;default&#8220; global_colors_info=&#8220;{}&#8220;][\/et_pb_column][et_pb_column type=&#8220;1_4&#8243; _builder_version=&#8220;4.16&#8243; _module_preset=&#8220;default&#8220; global_colors_info=&#8220;{}&#8220;][et_pb_gallery gallery_ids=&#8220;244135&#8243; _builder_version=&#8220;4.16&#8243; _module_preset=&#8220;81b90dc2-b5ba-4ece-b593-d8ce446ad1a5&#8243; height=&#8220;140px&#8220; box_shadow_style_image=&#8220;preset2&#8243; box_shadow_horizontal_image=&#8220;4px&#8220; box_shadow_vertical_image=&#8220;4px&#8220; box_shadow_blur_image=&#8220;23px&#8220; global_colors_info=&#8220;{}&#8220;][\/et_pb_gallery][\/et_pb_column][et_pb_column type=&#8220;1_4&#8243; _builder_version=&#8220;4.16&#8243; _module_preset=&#8220;default&#8220; global_colors_info=&#8220;{}&#8220;][et_pb_gallery gallery_ids=&#8220;244562&#8243; _builder_version=&#8220;4.16&#8243; _module_preset=&#8220;81b90dc2-b5ba-4ece-b593-d8ce446ad1a5&#8243; height=&#8220;140px&#8220; box_shadow_style_image=&#8220;preset2&#8243; box_shadow_horizontal_image=&#8220;4px&#8220; box_shadow_vertical_image=&#8220;4px&#8220; box_shadow_blur_image=&#8220;23px&#8220; global_colors_info=&#8220;{}&#8220;][\/et_pb_gallery][\/et_pb_column][et_pb_column type=&#8220;1_4&#8243; _builder_version=&#8220;4.16&#8243; _module_preset=&#8220;default&#8220; global_colors_info=&#8220;{}&#8220;][\/et_pb_column][\/et_pb_row][et_pb_row column_structure=&#8220;1_2,1_2&#8243; make_equal=&#8220;on&#8220; admin_label=&#8220;administrative&#8220; _builder_version=&#8220;4.16&#8243; _module_preset=&#8220;efd55eca-6fec-4cc2-9bdc-554d7a253258&#8243; global_colors_info=&#8220;{}&#8220;][et_pb_column type=&#8220;1_2&#8243; admin_label=&#8220;column img&#8220; _builder_version=&#8220;4.16&#8243; _module_preset=&#8220;7a465f96-80b7-4581-a458-97dbcd19f6ea&#8220; global_colors_info=&#8220;{}&#8220; custom_css_main_element_last_edited=&#8220;on|tablet&#8220;][et_pb_image src=&#8220;https:\/\/staging.thememorist.com\/wp-content\/uploads\/2022\/10\/restaurer.jpg&#8220; title_text=&#8220;restaurer&#8220; _builder_version=&#8220;4.16&#8243; _module_preset=&#8220;0d93085b-4130-4d3e-be0e-6210c74865f7&#8243; global_colors_info=&#8220;{}&#8220;][\/et_pb_image][\/et_pb_column][et_pb_column type=&#8220;1_2&#8243; admin_label=&#8220;column txt&#8220; _builder_version=&#8220;4.16&#8243; _module_preset=&#8220;e35c7d15-c8ab-4f5c-9e3d-28e713cfd29a&#8220; global_colors_info=&#8220;{}&#8220;][et_pb_text _builder_version=&#8220;4.16&#8243; _module_preset=&#8220;5f0ef5a0-32cd-4ab3-a6f6-7dcb784d227b&#8220; global_colors_info=&#8220;{}&#8220;]<\/p>\n<h3>Restauration de pi\u00e8ces parchemin scell\u00e9es ou non scell\u00e9es<\/h3>\n<p>[\/et_pb_text][et_pb_text _builder_version=&#8220;4.16&#8243; _module_preset=&#8220;a15a8181-65f0-4980-b2fa-dc8c9c2eed60&#8243; global_colors_info=&#8220;{}&#8220;]Le traitement de cette typologie de documents, issus des fonds les plus anciens, n\u00e9cessite un savoir-faire unique. Il s\u2019agit l\u00e0 d\u2019une des marques de fabrique ayant contribu\u00e9 \u00e0 la pleine reconnaissance de notre savoir-faire. <\/p>\n<p>Peaux de parchemin, supports de sceaux (lacs de soie, queues) et sceaux de cire sont donc trait\u00e9s avec la plus grande attention dans le respect d\u00e9ontologique des r\u00e8gles s\u00e9curitaires encadrant leur manipulation. [\/et_pb_text][\/et_pb_column][\/et_pb_row][et_pb_row column_structure=&#8220;1_4,1_4,1_4,1_4&#8243; _builder_version=&#8220;4.16&#8243; _module_preset=&#8220;default&#8220; module_alignment=&#8220;center&#8220; height=&#8220;140px&#8220; height_tablet=&#8220;&#8220; height_phone=&#8220;&#8220; height_last_edited=&#8220;on|phone&#8220; locked=&#8220;off&#8220; global_colors_info=&#8220;{}&#8220;][et_pb_column type=&#8220;1_4&#8243; _builder_version=&#8220;4.16&#8243; _module_preset=&#8220;default&#8220; global_colors_info=&#8220;{}&#8220;][\/et_pb_column][et_pb_column type=&#8220;1_4&#8243; _builder_version=&#8220;4.16&#8243; _module_preset=&#8220;default&#8220; global_colors_info=&#8220;{}&#8220;][et_pb_gallery gallery_ids=&#8220;244575&#8243; _builder_version=&#8220;4.16&#8243; _module_preset=&#8220;81b90dc2-b5ba-4ece-b593-d8ce446ad1a5&#8243; height=&#8220;140px&#8220; box_shadow_style_image=&#8220;preset2&#8243; box_shadow_horizontal_image=&#8220;4px&#8220; box_shadow_vertical_image=&#8220;4px&#8220; box_shadow_blur_image=&#8220;23px&#8220; global_colors_info=&#8220;{}&#8220;][\/et_pb_gallery][\/et_pb_column][et_pb_column type=&#8220;1_4&#8243; _builder_version=&#8220;4.16&#8243; _module_preset=&#8220;default&#8220; global_colors_info=&#8220;{}&#8220;][et_pb_gallery gallery_ids=&#8220;244570&#8243; _builder_version=&#8220;4.16&#8243; _module_preset=&#8220;81b90dc2-b5ba-4ece-b593-d8ce446ad1a5&#8243; height=&#8220;140px&#8220; box_shadow_style_image=&#8220;preset2&#8243; box_shadow_horizontal_image=&#8220;4px&#8220; box_shadow_vertical_image=&#8220;4px&#8220; box_shadow_blur_image=&#8220;23px&#8220; global_colors_info=&#8220;{}&#8220;][\/et_pb_gallery][\/et_pb_column][et_pb_column type=&#8220;1_4&#8243; _builder_version=&#8220;4.16&#8243; _module_preset=&#8220;default&#8220; global_colors_info=&#8220;{}&#8220;][\/et_pb_column][\/et_pb_row][\/et_pb_section][et_pb_section fb_built=&#8220;1&#8243; module_id=&#8220;artisanale&#8220; _builder_version=&#8220;4.16&#8243; _module_preset=&#8220;6002e40f-1f23-4612-8704-440729494ee4&#8243; collapsed=&#8220;off&#8220; global_colors_info=&#8220;{}&#8220;][et_pb_row _builder_version=&#8220;4.16&#8243; _module_preset=&#8220;default&#8220; locked=&#8220;off&#8220; global_colors_info=&#8220;{}&#8220;][et_pb_column type=&#8220;4_4&#8243; _builder_version=&#8220;4.16&#8243; _module_preset=&#8220;default&#8220; global_colors_info=&#8220;{}&#8220;][et_pb_divider color=&#8220;#FFFFFF&#8220; _builder_version=&#8220;4.16&#8243; _module_preset=&#8220;default&#8220; max_width=&#8220;56%&#8220; module_alignment=&#8220;center&#8220; global_colors_info=&#8220;{}&#8220;][\/et_pb_divider][\/et_pb_column][\/et_pb_row][et_pb_row column_structure=&#8220;1_2,1_2&#8243; make_equal=&#8220;on&#8220; admin_label=&#8220;administrative&#8220; _builder_version=&#8220;4.16&#8243; _module_preset=&#8220;dad89077-b2e2-436d-b612-3802a4fb974f&#8220; global_colors_info=&#8220;{}&#8220;][et_pb_column type=&#8220;1_2&#8243; admin_label=&#8220;column txt&#8220; _builder_version=&#8220;4.16&#8243; _module_preset=&#8220;e35c7d15-c8ab-4f5c-9e3d-28e713cfd29a&#8220; global_colors_info=&#8220;{}&#8220;][et_pb_text _builder_version=&#8220;4.16&#8243; _module_preset=&#8220;4d210997-881b-4981-9f42-50a7c50b59d4&#8243; global_colors_info=&#8220;{}&#8220;]<\/p>\n<h2>Reliure artisanale<\/h2>\n<p>[\/et_pb_text][et_pb_divider _builder_version=&#8220;4.16&#8243; _module_preset=&#8220;760a2f8d-29c8-4ef6-8dac-db61c1d37796&#8243; saved_tabs=&#8220;all&#8220; global_colors_info=&#8220;{}&#8220;][\/et_pb_divider][et_pb_text _builder_version=&#8220;4.16&#8243; _module_preset=&#8220;a15a8181-65f0-4980-b2fa-dc8c9c2eed60&#8243; global_colors_info=&#8220;{}&#8220;]<\/p>\n<p>Pour des registres anciens comme pour des actes administratifs, des reliures neuves artisanales et durables peuvent \u00eatre confectionn\u00e9es. Nous assurons la <a href=\"https:\/\/www.lareliure.fr\/nos-metiers\/reliure-administrative\/\" target=\"_blank\" rel=\"noopener\">reliure et la dorure artisanale<\/a> des actes administratifs des mairies dans le respect du d\u00e9cret n\u00b02010-783.<\/p>\n<p>Dans le cas des registres anciens n\u00e9cessitant un remplacement de reliure, nous proposons des reliures neuves traditionnelles, \u00e0 l\u2019identique ou \u00e0 neuf, dans le respect des mat\u00e9riaux d\u2019origine.<\/p>\n<p>[\/et_pb_text][\/et_pb_column][et_pb_column type=&#8220;1_2&#8243; admin_label=&#8220;column img&#8220; _builder_version=&#8220;4.16&#8243; _module_preset=&#8220;7a465f96-80b7-4581-a458-97dbcd19f6ea&#8220; global_colors_info=&#8220;{}&#8220; custom_css_main_element_last_edited=&#8220;on|tablet&#8220;][et_pb_image src=&#8220;https:\/\/staging.thememorist.com\/wp-content\/uploads\/2022\/10\/restaurer-administrative-01.jpg&#8220; title_text=&#8220;restaurer-administrative-01&#8243; _builder_version=&#8220;4.16&#8243; _module_preset=&#8220;0d93085b-4130-4d3e-be0e-6210c74865f7&#8243; global_colors_info=&#8220;{}&#8220;][\/et_pb_image][\/et_pb_column][\/et_pb_row][et_pb_row _builder_version=&#8220;4.16&#8243; _module_preset=&#8220;default&#8220; global_colors_info=&#8220;{}&#8220;][et_pb_column type=&#8220;4_4&#8243; _builder_version=&#8220;4.16&#8243; _module_preset=&#8220;default&#8220; global_colors_info=&#8220;{}&#8220;][et_pb_gallery gallery_ids=&#8220;244106,244125,244126,244129&#8243; _builder_version=&#8220;4.16&#8243; _module_preset=&#8220;81b90dc2-b5ba-4ece-b593-d8ce446ad1a5&#8243; global_colors_info=&#8220;{}&#8220;][\/et_pb_gallery][\/et_pb_column][\/et_pb_row][\/et_pb_section]<\/p>\n","protected":false},"excerpt":{"rendered":"<p>RESTAURATION DU PATRIMOINE \u00c9CRITNotre patrimoine \u00e9crit est expos\u00e9 \u00e0 de nombreuses causes de d\u00e9gradation allant du vieillissement naturel li\u00e9 \u00e0 l\u2019\u00e9volution de ses constituants, aux pollutions ext\u00e9rieures et aux demandes croissantes de consultation. La mission de MEMORIST est d&#8217;assurer la p\u00e9rennit\u00e9 et la pr\u00e9servation du patrimoine \u00e9crit.Restauration papeti\u00e8reNos restaurateurs disposent de tous les mat\u00e9riels et [&hellip;]<\/p>\n","protected":false},"author":2,"featured_media":244736,"parent":0,"menu_order":0,"comment_status":"closed","ping_status":"closed","template":"","meta":{"_acf_changed":false,"_et_pb_use_builder":"on","_et_pb_old_content":"","_et_gb_content_width":"","inline_featured_image":false,"footnotes":""},"acf":[],"_links":{"self":[{"href":"https:\/\/staging.thememorist.com\/de\/wp-json\/wp\/v2\/pages\/246217"}],"collection":[{"href":"https:\/\/staging.thememorist.com\/de\/wp-json\/wp\/v2\/pages"}],"about":[{"href":"https:\/\/staging.thememorist.com\/de\/wp-json\/wp\/v2\/types\/page"}],"author":[{"embeddable":true,"href":"https:\/\/staging.thememorist.com\/de\/wp-json\/wp\/v2\/users\/2"}],"replies":[{"embeddable":true,"href":"https:\/\/staging.thememorist.com\/de\/wp-json\/wp\/v2\/comments?post=246217"}],"version-history":[{"count":18,"href":"https:\/\/staging.thememorist.com\/de\/wp-json\/wp\/v2\/pages\/246217\/revisions"}],"predecessor-version":[{"id":247926,"href":"https:\/\/staging.thememorist.com\/de\/wp-json\/wp\/v2\/pages\/246217\/revisions\/247926"}],"wp:featuredmedia":[{"embeddable":true,"href":"https:\/\/staging.thememorist.com\/de\/wp-json\/wp\/v2\/media\/244736"}],"wp:attachment":[{"href":"https:\/\/staging.thememorist.com\/de\/wp-json\/wp\/v2\/media?parent=246217"}],"curies":[{"name":"wp","href":"https:\/\/api.w.org\/{rel}","templated":true}]}}