{"id":246715,"date":"2022-10-14T08:48:20","date_gmt":"2022-10-14T08:48:20","guid":{"rendered":"https:\/\/staging.thememorist.com\/conservation-du-patrimoine\/"},"modified":"2023-06-12T10:19:53","modified_gmt":"2023-06-12T10:19:53","slug":"kulturerbe-erhalten","status":"publish","type":"page","link":"https:\/\/staging.thememorist.com\/de\/kulturerbe-erhalten\/","title":{"rendered":"Erhalten"},"content":{"rendered":"<p>[et_pb_section fb_built=&#8220;1&#8243; fullwidth=&#8220;on&#8220; _builder_version=&#8220;4.16&#8243; _module_preset=&#8220;default&#8220; global_colors_info=&#8220;{}&#8220;][et_pb_fullwidth_header title=&#8220;Num\u00e9riser&#8220; background_overlay_color=&#8220;rgba(0,0,0,0.44)&#8220; disabled_on=&#8220;on|on|on&#8220; admin_label=&#8220;Fullwidth Header&#8220; _builder_version=&#8220;4.16&#8243; _module_preset=&#8220;default&#8220; title_font=&#8220;|600||on|||||&#8220; title_text_align=&#8220;left&#8220; title_font_size=&#8220;48px&#8220; use_background_color_gradient=&#8220;on&#8220; background_image=&#8220;https:\/\/staging.thememorist.com\/wp-content\/uploads\/2022\/10\/Photo_drone_AGP_Opera.jpg&#8220; parallax=&#8220;on&#8220; custom_margin=&#8220;||||true|false&#8220; custom_padding=&#8220;120px||120px||true|false&#8220; child_filter_hue_rotate=&#8220;26deg&#8220; child_filter_brightness=&#8220;200%&#8220; child_filter_contrast=&#8220;161%&#8220; title_text_shadow_style=&#8220;preset1&#8243; text_shadow_style=&#8220;preset4&#8243; disabled=&#8220;on&#8220; global_colors_info=&#8220;{}&#8220;][\/et_pb_fullwidth_header][\/et_pb_section][et_pb_section fb_built=&#8220;1&#8243; admin_label=&#8220;expertiser&#8220; module_id=&#8220;expertiser&#8220; _builder_version=&#8220;4.16&#8243; _module_preset=&#8220;6002e40f-1f23-4612-8704-440729494ee4&#8243; collapsed=&#8220;off&#8220; global_colors_info=&#8220;{}&#8220;][et_pb_row column_structure=&#8220;1_2,1_2&#8243; make_equal=&#8220;on&#8220; module_id=&#8220;expertiser&#8220; _builder_version=&#8220;4.16&#8243; _module_preset=&#8220;efd55eca-6fec-4cc2-9bdc-554d7a253258&#8243; global_colors_info=&#8220;{}&#8220;][et_pb_column type=&#8220;1_2&#8243; _builder_version=&#8220;4.16&#8243; _module_preset=&#8220;default&#8220; global_colors_info=&#8220;{}&#8220;][et_pb_image src=&#8220;https:\/\/staging.thememorist.com\/wp-content\/uploads\/2022\/10\/preserver-expertiser-0-scaled.jpg&#8220; alt=&#8220;numeriser-2D-iconographie&#8220; title_text=&#8220;preserver-expertiser-0&#8243; force_fullwidth=&#8220;on&#8220; _builder_version=&#8220;4.16&#8243; _module_preset=&#8220;0d93085b-4130-4d3e-be0e-6210c74865f7&#8243; global_colors_info=&#8220;{}&#8220;][\/et_pb_image][\/et_pb_column][et_pb_column type=&#8220;1_2&#8243; _builder_version=&#8220;4.16&#8243; _module_preset=&#8220;default&#8220; global_colors_info=&#8220;{}&#8220;][et_pb_text admin_label=&#8220;Text&#8220; _builder_version=&#8220;4.21.0&#8243; _module_preset=&#8220;4d210997-881b-4981-9f42-50a7c50b59d4&#8243; global_colors_info=&#8220;{}&#8220;]<\/p>\n<h2>EXPERTISE<\/h2>\n<p>[\/et_pb_text][et_pb_divider _builder_version=&#8220;4.16&#8243; _module_preset=&#8220;760a2f8d-29c8-4ef6-8dac-db61c1d37796&#8243; saved_tabs=&#8220;all&#8220; global_colors_info=&#8220;{}&#8220;][\/et_pb_divider][et_pb_text _builder_version=&#8220;4.21.0&#8243; _module_preset=&#8220;a15a8181-65f0-4980-b2fa-dc8c9c2eed60&#8243; global_colors_info=&#8220;{}&#8220;]<\/p>\n<p><span>Von den einfachsten bis zu den komplexesten und vielf\u00e4ltigsten Best\u00e4nden analysieren die Experten von <a href=\"https:\/\/staging.thememorist.com\/de\/\">MEMORIST<\/a> die vorliegende Problematik und die operativen Ziele jedes Kunden.\u00a0 <\/span><\/p>\n<p><span>Ein <a href=\"https:\/\/www.arkhenum.fr\/expertises\/gestion-des-fonds-patrimoniaux\/\">Audit der Kulturerbe-Strategie<\/a> Pr\u00fcfung bietet einen umfassenden \u00dcberblick \u00fcber Ihre Bed\u00fcrfnisse oder erm\u00f6glicht es Ihnen, sich auf einen bestimmten Aspekt des Kulturerbe Prozesses zu konzentrieren: Erhaltung, Restaurierung, Digitalisierung oder Kommunikation.\u00a0 <\/span><\/p>\n<p><span>Weitergehende Pr\u00fcfungen erm\u00f6glichen es uns, das Projekt zu umrei\u00dfen:\u00a0 <\/span><\/p>\n<ul>\n<li><span> Allgemeine Bestandsaufnahme (Typologie, Volumen, Zustand) <\/span><\/li>\n<li><span> Beratung zur Bewahrung (volumetrische und typologische Bewertung, besch\u00e4digte Sammlungen, Pr\u00e4ventivma\u00dfnahmen) <\/span><\/li>\n<li><span> Zustandsberichte (Identifizierung von Anzeichen von Sch\u00e4den usw.) <\/span><\/li>\n<li><span> Kulturerbe-Strategie (Erl\u00e4uterung der vorgeschlagenen Ma\u00dfnahmen) <\/span><\/li>\n<li><span>Qualit\u00e4tssicherungspl\u00e4ne<\/span><\/li>\n<\/ul>\n<p>[\/et_pb_text][\/et_pb_column][\/et_pb_row][et_pb_row _builder_version=&#8220;4.16&#8243; _module_preset=&#8220;default&#8220; global_colors_info=&#8220;{}&#8220;][et_pb_column type=&#8220;4_4&#8243; _builder_version=&#8220;4.16&#8243; _module_preset=&#8220;default&#8220; global_colors_info=&#8220;{}&#8220;][et_pb_gallery gallery_ids=&#8220;243399,243400,243401,243402&#8243; _builder_version=&#8220;4.16&#8243; _module_preset=&#8220;81b90dc2-b5ba-4ece-b593-d8ce446ad1a5&#8243; global_colors_info=&#8220;{}&#8220;][\/et_pb_gallery][\/et_pb_column][\/et_pb_row][\/et_pb_section][et_pb_section fb_built=&#8220;1&#8243; admin_label=&#8220;organiser&#8220; module_id=&#8220;organiser&#8220; _builder_version=&#8220;4.16&#8243; _module_preset=&#8220;96ddfa2d-4979-436e-9fdd-1054096f22f6&#8243; background_color=&#8220;RGBA(255,255,255,0)&#8220; collapsed=&#8220;on&#8220; global_colors_info=&#8220;{}&#8220;][et_pb_row _builder_version=&#8220;4.16&#8243; _module_preset=&#8220;default&#8220; global_colors_info=&#8220;{}&#8220;][et_pb_column type=&#8220;4_4&#8243; _builder_version=&#8220;4.16&#8243; _module_preset=&#8220;default&#8220; global_colors_info=&#8220;{}&#8220;][et_pb_divider _builder_version=&#8220;4.16&#8243; _module_preset=&#8220;a3363d26-3451-464f-a66a-afb14815f04f&#8220; global_colors_info=&#8220;{}&#8220;][\/et_pb_divider][\/et_pb_column][\/et_pb_row][et_pb_row column_structure=&#8220;1_2,1_2&#8243; make_equal=&#8220;on&#8220; module_id=&#8220;organiser&#8220; _builder_version=&#8220;4.16&#8243; _module_preset=&#8220;dad89077-b2e2-436d-b612-3802a4fb974f&#8220; global_colors_info=&#8220;{}&#8220;][et_pb_column type=&#8220;1_2&#8243; _builder_version=&#8220;4.16&#8243; _module_preset=&#8220;default&#8220; global_colors_info=&#8220;{}&#8220;][et_pb_text admin_label=&#8220;Text&#8220; _builder_version=&#8220;4.21.0&#8243; _module_preset=&#8220;4d210997-881b-4981-9f42-50a7c50b59d4&#8243; global_colors_info=&#8220;{}&#8220;]<\/p>\n<h2>ORGANISIEREN<\/h2>\n<p>[\/et_pb_text][et_pb_divider _builder_version=&#8220;4.16&#8243; _module_preset=&#8220;760a2f8d-29c8-4ef6-8dac-db61c1d37796&#8243; saved_tabs=&#8220;all&#8220; global_colors_info=&#8220;{}&#8220;][\/et_pb_divider][et_pb_text _builder_version=&#8220;4.21.0&#8243; _module_preset=&#8220;a15a8181-65f0-4980-b2fa-dc8c9c2eed60&#8243; global_colors_info=&#8220;{}&#8220;]<\/p>\n<p><span>Wir erstellen Kulturerbe-Kollektionen und erstellen gezielte Aktionspl\u00e4ne: <\/span><\/p>\n<ul>\n<li><span> Analyse der Sammlungen <\/span><\/li>\n<li><span> Bestandsaufnahme und Analyse <\/span><\/li>\n<li><span> Einfache oder detaillierte Inventarisierung <\/span><\/li>\n<li><span> Bearbeitungsrichtlinien <\/span><\/li>\n<li><span> Aufbereitung (standardisiert, in Partnerschaft mit anerkannten Dienstleistern, durch im Umgang geschulte Experten)<\/span><\/li>\n<\/ul>\n<p>Konkret organisieren wir die Sammlungen des Kulturerbes f\u00fcr eine optimale Digitalisierung und Bewahrung.<\/p>\n<p>[\/et_pb_text][\/et_pb_column][et_pb_column type=&#8220;1_2&#8243; _builder_version=&#8220;4.16&#8243; _module_preset=&#8220;default&#8220; global_colors_info=&#8220;{}&#8220;][et_pb_image src=&#8220;https:\/\/staging.thememorist.com\/wp-content\/uploads\/2022\/10\/preserver-organiser-0-scaled.jpg&#8220; alt=&#8220;numeriser-2D-iconographie&#8220; title_text=&#8220;preserver-organiser-0&#8243; _builder_version=&#8220;4.16&#8243; _module_preset=&#8220;0d93085b-4130-4d3e-be0e-6210c74865f7&#8243; global_colors_info=&#8220;{}&#8220;][\/et_pb_image][\/et_pb_column][\/et_pb_row][et_pb_row _builder_version=&#8220;4.16&#8243; _module_preset=&#8220;default&#8220; module_alignment=&#8220;center&#8220; global_colors_info=&#8220;{}&#8220;][et_pb_column type=&#8220;4_4&#8243; _builder_version=&#8220;4.16&#8243; _module_preset=&#8220;default&#8220; global_colors_info=&#8220;{}&#8220;][et_pb_gallery gallery_ids=&#8220;243405,243406,243407,243408&#8243; _builder_version=&#8220;4.16&#8243; _module_preset=&#8220;81b90dc2-b5ba-4ece-b593-d8ce446ad1a5&#8243; module_alignment=&#8220;center&#8220; global_colors_info=&#8220;{}&#8220;][\/et_pb_gallery][\/et_pb_column][\/et_pb_row][\/et_pb_section][et_pb_section fb_built=&#8220;1&#8243; admin_label=&#8220;conservation&#8220; module_id=&#8220;conservation&#8220; _builder_version=&#8220;4.16&#8243; _module_preset=&#8220;96ddfa2d-4979-436e-9fdd-1054096f22f6&#8243; collapsed=&#8220;off&#8220; global_colors_info=&#8220;{}&#8220;][et_pb_row _builder_version=&#8220;4.16&#8243; _module_preset=&#8220;default&#8220; global_colors_info=&#8220;{}&#8220;][et_pb_column type=&#8220;4_4&#8243; _builder_version=&#8220;4.16&#8243; _module_preset=&#8220;default&#8220; global_colors_info=&#8220;{}&#8220;][et_pb_divider _builder_version=&#8220;4.16&#8243; _module_preset=&#8220;a3363d26-3451-464f-a66a-afb14815f04f&#8220; global_colors_info=&#8220;{}&#8220;][\/et_pb_divider][\/et_pb_column][\/et_pb_row][et_pb_row column_structure=&#8220;1_2,1_2&#8243; make_equal=&#8220;on&#8220; module_id=&#8220;3d&#8220; _builder_version=&#8220;4.16&#8243; _module_preset=&#8220;dad89077-b2e2-436d-b612-3802a4fb974f&#8220; global_colors_info=&#8220;{}&#8220;][et_pb_column type=&#8220;1_2&#8243; admin_label=&#8220;column text&#8220; _builder_version=&#8220;4.16&#8243; _module_preset=&#8220;e35c7d15-c8ab-4f5c-9e3d-28e713cfd29a&#8220; custom_css_main_element=&#8220;order: 1;&#8220; global_colors_info=&#8220;{}&#8220;][et_pb_text admin_label=&#8220;Text&#8220; _builder_version=&#8220;4.21.0&#8243; _module_preset=&#8220;4d210997-881b-4981-9f42-50a7c50b59d4&#8243; global_colors_info=&#8220;{}&#8220;]<\/p>\n<h2>PR\u00c4VENTIVE KONSERVIERUNG<\/h2>\n<p>[\/et_pb_text][et_pb_divider _builder_version=&#8220;4.16&#8243; _module_preset=&#8220;760a2f8d-29c8-4ef6-8dac-db61c1d37796&#8243; saved_tabs=&#8220;all&#8220; global_colors_info=&#8220;{}&#8220;][\/et_pb_divider][et_pb_text _builder_version=&#8220;4.21.0&#8243; _module_preset=&#8220;a15a8181-65f0-4980-b2fa-dc8c9c2eed60&#8243; global_colors_info=&#8220;{}&#8220;]<\/p>\n<p><span>Die pr\u00e4ventive Konservierung von Sammlungen des Kulturerbes umfasst folgende Ma\u00dfnahmen: <\/span><\/p>\n<ul>\n<li><span> Entstaubung aller Arten von Medien (Film, Foto, Papier, Pergament &#8230;) <\/span><\/li>\n<li><span> Tests: L\u00f6slichkeit von Tinte, Identifizierung von Klebstoffen (Klebeverst\u00e4rkungen oder Papier) <\/span><\/li>\n<li><span> Punktuelles Abschrubben von starken Verschmutzungen <\/span><\/li>\n<li><span>Entnahme von Proben f\u00fcr mikrobiologische Analysen (Desinfektionsprogramm)<\/span><\/li>\n<\/ul>\n<p>[\/et_pb_text][\/et_pb_column][et_pb_column type=&#8220;1_2&#8243; admin_label=&#8220;column img&#8220; _builder_version=&#8220;4.16&#8243; _module_preset=&#8220;1a404287-0bd6-4df0-ad37-4a063c9d5ee2&#8243; custom_css_main_element=&#8220;order: 2;&#8220; global_colors_info=&#8220;{}&#8220;][et_pb_image src=&#8220;https:\/\/staging.thememorist.com\/wp-content\/uploads\/2022\/10\/preserver-conservation-4.jpg&#8220; title_text=&#8220;Chantier D\u00e9poussi\u00e8rage-r\u00e9colement_Arkhenum&#8220; _builder_version=&#8220;4.16&#8243; _module_preset=&#8220;0d93085b-4130-4d3e-be0e-6210c74865f7&#8243; global_colors_info=&#8220;{}&#8220;][\/et_pb_image][\/et_pb_column][\/et_pb_row][et_pb_row _builder_version=&#8220;4.16&#8243; _module_preset=&#8220;default&#8220; global_colors_info=&#8220;{}&#8220;][et_pb_column type=&#8220;4_4&#8243; _builder_version=&#8220;4.16&#8243; _module_preset=&#8220;default&#8220; global_colors_info=&#8220;{}&#8220;][et_pb_gallery gallery_ids=&#8220;243392,243393,243395,243848&#8243; _builder_version=&#8220;4.16&#8243; _module_preset=&#8220;81b90dc2-b5ba-4ece-b593-d8ce446ad1a5&#8243; box_shadow_style_image=&#8220;preset2&#8243; box_shadow_horizontal_image=&#8220;4px&#8220; box_shadow_vertical_image=&#8220;4px&#8220; box_shadow_blur_image=&#8220;23px&#8220; global_colors_info=&#8220;{}&#8220;][\/et_pb_gallery][\/et_pb_column][\/et_pb_row][\/et_pb_section]<\/p>\n","protected":false},"excerpt":{"rendered":"<p>EXPERTISEVon den einfachsten bis zu den komplexesten und vielf\u00e4ltigsten Best\u00e4nden analysieren die Experten von MEMORIST die vorliegende Problematik und die operativen Ziele jedes Kunden.\u00a0 Ein Audit der Kulturerbe-Strategie Pr\u00fcfung bietet einen umfassenden \u00dcberblick \u00fcber Ihre Bed\u00fcrfnisse oder erm\u00f6glicht es Ihnen, sich auf einen bestimmten Aspekt des Kulturerbe Prozesses zu konzentrieren: Erhaltung, Restaurierung, Digitalisierung oder Kommunikation.\u00a0 [&hellip;]<\/p>\n","protected":false},"author":2,"featured_media":244460,"parent":0,"menu_order":0,"comment_status":"closed","ping_status":"closed","template":"","meta":{"_acf_changed":false,"_et_pb_use_builder":"on","_et_pb_old_content":"","_et_gb_content_width":"","inline_featured_image":false,"footnotes":""},"acf":[],"_links":{"self":[{"href":"https:\/\/staging.thememorist.com\/de\/wp-json\/wp\/v2\/pages\/246715"}],"collection":[{"href":"https:\/\/staging.thememorist.com\/de\/wp-json\/wp\/v2\/pages"}],"about":[{"href":"https:\/\/staging.thememorist.com\/de\/wp-json\/wp\/v2\/types\/page"}],"author":[{"embeddable":true,"href":"https:\/\/staging.thememorist.com\/de\/wp-json\/wp\/v2\/users\/2"}],"replies":[{"embeddable":true,"href":"https:\/\/staging.thememorist.com\/de\/wp-json\/wp\/v2\/comments?post=246715"}],"version-history":[{"count":4,"href":"https:\/\/staging.thememorist.com\/de\/wp-json\/wp\/v2\/pages\/246715\/revisions"}],"predecessor-version":[{"id":246721,"href":"https:\/\/staging.thememorist.com\/de\/wp-json\/wp\/v2\/pages\/246715\/revisions\/246721"}],"wp:featuredmedia":[{"embeddable":true,"href":"https:\/\/staging.thememorist.com\/de\/wp-json\/wp\/v2\/media\/244460"}],"wp:attachment":[{"href":"https:\/\/staging.thememorist.com\/de\/wp-json\/wp\/v2\/media?parent=246715"}],"curies":[{"name":"wp","href":"https:\/\/api.w.org\/{rel}","templated":true}]}}