{"id":246727,"date":"2022-10-21T10:31:27","date_gmt":"2022-10-21T10:31:27","guid":{"rendered":"https:\/\/staging.thememorist.com\/mentions-legales\/"},"modified":"2025-09-18T11:05:40","modified_gmt":"2025-09-18T11:05:40","slug":"rechtshinweis","status":"publish","type":"page","link":"https:\/\/staging.thememorist.com\/de\/rechtshinweis\/","title":{"rendered":"rechtshinweis"},"content":{"rendered":"<p>[et_pb_section fb_built=&#8220;1&#8243; fullwidth=&#8220;on&#8220; _builder_version=&#8220;4.16&#8243; _module_preset=&#8220;default&#8220; global_colors_info=&#8220;{}&#8220; theme_builder_area=&#8220;post_content&#8220;][et_pb_fullwidth_header title=&#8220;Num\u00e9riser&#8220; background_overlay_color=&#8220;rgba(0,0,0,0.44)&#8220; disabled_on=&#8220;on|on|on&#8220; admin_label=&#8220;Fullwidth Header&#8220; _builder_version=&#8220;4.16&#8243; _module_preset=&#8220;default&#8220; title_font=&#8220;|600||on|||||&#8220; title_text_align=&#8220;left&#8220; title_font_size=&#8220;48px&#8220; use_background_color_gradient=&#8220;on&#8220; background_image=&#8220;https:\/\/staging.thememorist.com\/wp-content\/uploads\/2022\/10\/Photo_drone_AGP_Opera.jpg&#8220; parallax=&#8220;on&#8220; custom_margin=&#8220;||||true|false&#8220; custom_padding=&#8220;120px||120px||true|false&#8220; child_filter_hue_rotate=&#8220;26deg&#8220; child_filter_brightness=&#8220;200%&#8220; child_filter_contrast=&#8220;161%&#8220; title_text_shadow_style=&#8220;preset1&#8243; text_shadow_style=&#8220;preset4&#8243; disabled=&#8220;on&#8220; global_colors_info=&#8220;{}&#8220; theme_builder_area=&#8220;post_content&#8220;][\/et_pb_fullwidth_header][\/et_pb_section][et_pb_section fb_built=&#8220;1&#8243; _builder_version=&#8220;4.27.0&#8243; _module_preset=&#8220;96ddfa2d-4979-436e-9fdd-1054096f22f6&#8243; background_color=&#8220;rgba(5,40,73,0)&#8220; collapsed=&#8220;off&#8220; global_colors_info=&#8220;{}&#8220; theme_builder_area=&#8220;post_content&#8220;][et_pb_row _builder_version=&#8220;4.16&#8243; _module_preset=&#8220;default&#8220; global_colors_info=&#8220;{}&#8220; theme_builder_area=&#8220;post_content&#8220;][et_pb_column type=&#8220;4_4&#8243; _builder_version=&#8220;4.16&#8243; _module_preset=&#8220;default&#8220; global_colors_info=&#8220;{}&#8220; theme_builder_area=&#8220;post_content&#8220;][et_pb_text _builder_version=&#8220;4.27.0&#8243; _module_preset=&#8220;default&#8220; header_2_line_height=&#8220;2em&#8220; hover_enabled=&#8220;0&#8243; global_colors_info=&#8220;{%22gcid-eece89eb-2355-4971-93bb-89215b603bda%22:%91%22link_text_color%22%93}&#8220; theme_builder_area=&#8220;post_content&#8220; link_text_color=&#8220;gcid-eece89eb-2355-4971-93bb-89215b603bda&#8220; sticky_enabled=&#8220;0&#8243;]<\/p>\n<h2>1. Pr\u00e4sentation der Website.<\/h2>\n<p>Gem\u00e4\u00df Artikel 6 des Gesetzes Nr. 2004-575 vom 21. Juni 2004 \u00fcber das Vertrauen in die digitale Wirtschaft wird den Benutzern der Website https:\/\/staging.thememorist.com\/ die Identit\u00e4t der verschiedenen Akteure im Rahmen der Erstellung und Betreuung der Website mitgeteilt:<\/p>\n<p>Eigent\u00fcmer: Arkh\u00eanum \u2013 SAS 42208548000057 \u2013 7 rue Joseph Bonnet, 33100 Bordeaux \u2013 Frankreich<\/p>\n<p>Gestaltung: Gestaltung: Alioze \u2013 <a href=\"https:\/\/www.alioze.com\/agence-web-culture\">Cultural communication agency<\/a><\/p>\n<p>Verantwortlicher f\u00fcr die Ver\u00f6ffentlichung: LAURENT ONA\u00cfNTY \u2013 <a href=\"mailto:laurent.onainty@thememorist.com\">laurent.onainty@thememorist.com<\/a><br \/>Die f\u00fcr die Ver\u00f6ffentlichung verantwortliche Person ist eine nat\u00fcrliche oder eine juristische Person.<\/p>\n<p>Webmaster: Overseas Administration Management<\/p>\n<p>+27 (0)21 818 3200<\/p>\n<p>65 Bofors Circle, Epping Industria, Cape Town, South Africa<\/p>\n<p>Host : OVH \u2013 2 rue Kellermann 59100 Roubaix. https:\/\/www.ovh.com\/fr\/<\/p>\n<p>Credits: Das Impressum wurde von Subdelirium Mentions l\u00e9gales erstellt und angeboten<\/p>\n<h2>2. Allgemeine Bedingungen f\u00fcr die Nutzung der Website und der angebotenen Dienste.<\/h2>\n<p>Die Nutzung der Website www.thememorist.com setzt die vollst\u00e4ndige und uneingeschr\u00e4nkte Annahme der nachstehend beschriebenen allgemeinen Nutzungsbedingungen voraus. Diese Nutzungsbedingungen k\u00f6nnen jederzeit ge\u00e4ndert oder erg\u00e4nzt werden. Die Benutzer der Website www.thememorist.com werden daher gebeten, sie regelm\u00e4\u00dfig zu konsultieren. Diese Nutzungsbedingungen k\u00f6nnen jederzeit ge\u00e4ndert oder erg\u00e4nzt werden. Die Benutzer der Website www.thememorist.com werden daher gebeten, sie regelm\u00e4\u00dfig zu konsultieren.<\/p>\n<p>Diese Website ist normalerweise jederzeit f\u00fcr die Benutzer zug\u00e4nglich. Memorist kann jedoch beschlie\u00dfen, die Website f\u00fcr technische Wartungszwecke zu unterbrechen. In einem solchen Fall wird sich Memorist bem\u00fchen, die Benutzer im Voraus \u00fcber die Daten und Uhrzeiten der Ma\u00dfnahme zu informieren.<\/p>\n<p>Die Website www.thememorist.com wird von LAURENT ONA\u00cfNTY regelm\u00e4\u00dfig aktualisiert. Auch die rechtlichen Hinweise k\u00f6nnen jederzeit ge\u00e4ndert werden; sie sind dennoch f\u00fcr den Benutzer verbindlich, der aufgefordert wird, sie so oft wie m\u00f6glich aufzurufen und zu lesen.<\/p>\n<h2>3. Beschreibung der erbrachten Dienstleistungen.<\/h2>\n<p>Die Website www.thememorist.com dient der Bereitstellung von Informationen \u00fcber alle T\u00e4tigkeiten des Unternehmens.<\/p>\n<p>Memorist bem\u00fcht sich, auf der Website www.thememorist.com so genaue Informationen wie m\u00f6glich bereitzustellen. Er kann jedoch nicht f\u00fcr Auslassungen, Ungenauigkeiten und M\u00e4ngel bei der Aktualisierung haftbar gemacht werden, die von ihm selbst oder von dritten Partnern, die ihm diese Informationen zur Verf\u00fcgung stellen, verursacht werden.<\/p>\n<p>Alle auf der Website www.thememorist.com angegebenen Informationen sind unverbindlich und k\u00f6nnen sich \u00e4ndern.\u00a0 Dar\u00fcber hinaus sind die Informationen auf der Website www.thememorist.com nicht ersch\u00f6pfend. Sie werden vorbehaltlich der \u00c4nderungen bereitgestellt, die seit ihrer Online-Ver\u00f6ffentlichung vorgenommen wurden.<\/p>\n<h2>4. Vertragliche Einschr\u00e4nkungen im Hinblick auf technische Daten.<\/h2>\n<p>Die Website verwendet die JavaScript-Technologie.<\/p>\n<p>Die Website kann nicht f\u00fcr materielle Sch\u00e4den im Zusammenhang mit der Nutzung der Website haftbar gemacht werden. Dar\u00fcber hinaus verpflichtet sich der Benutzer der Website, mit einem neuen virenfreien Ger\u00e4t und einem aktualisierten Browser der neuesten Generation auf die Website zuzugreifen.<\/p>\n<h2>5. Geistiges Eigentum und F\u00e4lschungen.<\/h2>\n<p>Memorist ist Inhaber der Rechte am geistigen Eigentum oder besitzt die Nutzungsrechte f\u00fcr alle auf der Website zug\u00e4nglichen Elemente, insbesondere Texte, Bilder, Grafiken, Logos, Symbole, T\u00f6ne und Software.<\/p>\n<p>Jegliche Reproduktion, Darstellung, \u00c4nderung, Ver\u00f6ffentlichung und Anpassung aller oder eines Teils der Elemente der Website, unabh\u00e4ngig von den verwendeten Mitteln oder Verfahren, ist untersagt, es sei denn, es liegt eine vorherige schriftliche Genehmigung vor von:\u00a0 Memorist.<\/p>\n<p>Jede nicht genehmigte Nutzung der Website oder eines ihrer Elemente wird als F\u00e4lschung angesehen und gem\u00e4\u00df den Bestimmungen der Artikel L.335-2 ff. des franz\u00f6sischen Gesetzbuchs \u00fcber geistiges Eigentum verfolgt.<\/p>\n<h2>6. Haftungsbeschr\u00e4nkungen.<\/h2>\n<p>Memorist haftet nicht f\u00fcr direkte oder indirekte Sch\u00e4den, die an den Ger\u00e4ten des Benutzers beim Zugriff auf die Website www.thememorist.com entstehen und auf die Verwendung von Ger\u00e4ten, die nicht den unter Punkt 4 genannten Spezifikationen entsprechen, oder auf das Auftreten eines Bugs oder einer Inkompatibilit\u00e4t zur\u00fcckzuf\u00fchren sind.<\/p>\n<p>Memorist kann nicht f\u00fcr indirekte Sch\u00e4den (wie Marktverlust oder Verlust einer Chance) verantwortlich gemacht werden, die sich aus der Nutzung der Website www.thememorist.com ergeben.<\/p>\n<p>Den Benutzern stehen interaktive Bereiche zur Verf\u00fcgung (M\u00f6glichkeit, im Kontaktbereich Fragen zu stellen). Memorist beh\u00e4lt sich das Recht vor, in diesem Bereich eingestellte Inhalte, die gegen die in Frankreich geltende Gesetzgebung, insbesondere gegen die Datenschutzbestimmungen, versto\u00dfen, ohne Vorank\u00fcndigung zu l\u00f6schen. Gegebenenfalls beh\u00e4lt sich Memorist auch die M\u00f6glichkeit vor, den Benutzer zivil- und\/oder strafrechtlich zur Verantwortung zu ziehen, insbesondere bei rassistischen, beleidigenden, verleumderischen oder pornografischen \u00c4u\u00dferungen, unabh\u00e4ngig vom verwendeten Medium (Text, Fotos, etc.).<\/p>\n<h2>7. Verwaltung personenbezogener Daten.<\/h2>\n<p>In Frankreich werden personenbezogene Daten durch das Gesetz Nr. 78-87 vom 6. Januar 1978, das Gesetz Nr. 2004-801 vom 6. August 2004, den Artikel L. 226-13 des Strafgesetzbuchs und die EU-Richtlinie vom 24. Oktober 1995 gesch\u00fctzt.<\/p>\n<p>Bei der Nutzung der Website www.thememorist.com k\u00f6nnen folgende Informationen erfasst werden: die URL der Links, \u00fcber die der Benutzer auf die Website www.thememorist.com zugegriffen hat, der Zugangs-Provider des Benutzers und die Internet-Protokoll-Adresse (IP) des Benutzers.<\/p>\n<p>In jedem Fall erfasst Memorist personenbezogene Daten des Benutzers nur zum Zweck bestimmter Dienstleistungen, die auf der Website www.thememorist.com angeboten werden. Der Benutzer stellt diese Informationen in voller Kenntnis der Sachlage zur Verf\u00fcgung, insbesondere wenn er sie selbst eingibt. Dem Benutzer der Website www.thememorist.com wird dann pr\u00e4zisiert, ob die Angabe dieser Information obligatorisch ist oder nicht.<\/p>\n<p>Gem\u00e4\u00df den Bestimmungen in Artikel 38 ff. des Gesetzes 78-17 vom 6. Januar 1978 \u00fcber Datenverarbeitung, Dateien und Freiheiten hat jeder Benutzer das Recht, auf die ihn betreffenden personenbezogenen Daten zuzugreifen, sie zu berichtigen und dagegen Einspruch zu erheben. Dazu muss er einen schriftlichen und unterschriebenen Antrag stellen, dem eine Kopie des Personalausweises mit Unterschrift des Inhabers des Dokuments beiliegt, und die Adresse angeben, an die die Antwort gesendet werden soll.<\/p>\n<p>Ohne Kenntnis des Benutzers werden die pers\u00f6nlichen Informationen des Benutzers der Website www.thememorist.com auf keinem Datentr\u00e4ger ver\u00f6ffentlicht, ausgetauscht, \u00fcbertragen, abgetreten oder an Dritte verkauft. Nur wenn Memorist und seine Rechte \u00fcbernommen werden, k\u00f6nnen diese Informationen an einen eventuellen Erwerber weitergegeben werden, der seinerseits der gleichen Verpflichtung zur Aufbewahrung und \u00c4nderung der Daten gegen\u00fcber dem Benutzer der Website <a href=\"https:\/\/staging.thememorist.com\">www.thememorist.com<\/a> unterliegen w\u00fcrde.<\/p>\n<p>Die Website ist nicht bei der franz\u00f6sischen Datenschutzbeh\u00f6rde (CNIL) gemeldet, da sie keine pers\u00f6nlichen Informationen erfasst.<\/p>\n<p>Die Datenbanken sind durch die Bestimmungen des Gesetzes vom 1. Juli 1998 zur Umsetzung der Richtlinie 96\/9 vom 11. M\u00e4rz 1996 \u00fcber den rechtlichen Schutz von Datenbanken gesch\u00fctzt.<\/p>\n<h2>8. Hypertext-Links und Cookies.<\/h2>\n<p>Die Website www.thememorist.com enth\u00e4lt eine Reihe von Hyperlinks zu anderen Websites, die mit der Genehmigung von Memorist eingerichtet wurden. Memorist hat jedoch nicht die M\u00f6glichkeit, den Inhalt der auf diese Weise besuchten Websites zu \u00fcberpr\u00fcfen, und \u00fcbernimmt folglich keine Verantwortung in dieser Hinsicht.<\/p>\n<p>Das Surfen auf der Website www.thememorist.com kann dazu f\u00fchren, dass Cookies auf dem Computer des Benutzers installiert werden. Ein Cookie ist eine kleine Datei, die nicht die Identifizierung des Benutzers erm\u00f6glicht, sondern Informationen \u00fcber die Navigation eines Computers auf einer Website aufzeichnet. Die auf diese Weise erhaltenen Daten sollen die sp\u00e4tere Navigation auf der Website erleichtern und dienen au\u00dferdem dazu, verschiedene Messungen der Besucherzahlen zu erm\u00f6glichen.<\/p>\n<p>Die Verweigerung der Installation eines Cookies kann dazu f\u00fchren, dass der Zugang zu bestimmten Diensten nicht m\u00f6glich ist. Der Benutzer kann jedoch seinen Computer wie folgt konfigurieren, um die Installation von Cookies abzulehnen:<\/p>\n<p>Bei Internet Explorer: Registerkarte Tools (Zahnrad-Symbol oben rechts) \/ Internetoptionen. Klicken Sie auf Datenschutz und w\u00e4hlen Sie Alle Cookies blockieren. Best\u00e4tigen Sie mit Ok.<\/p>\n<p>Bei Firefox: Klicken Sie oben im Browser-Fenster auf die Firefox-Schaltfl\u00e4che und gehen Sie dann auf die Registerkarte Optionen. Klicken Sie auf die Registerkarte Datenschutz. Stellen Sie die Aufbewahrungsregeln ein auf: benutzerdefinierte Einstellungen f\u00fcr den Verlauf verwenden. Entfernen Sie schlie\u00dflich das H\u00e4kchen, um Cookies zu deaktivieren. Entfernen Sie schlie\u00dflich das H\u00e4kchen, um Cookies zu deaktivieren.<\/p>\n<p>Bei Safari: Klicken Sie auf die Men\u00fc-Schaltfl\u00e4che (Zahnrad-Symbol) oben rechts im Browser. W\u00e4hlen Sie Einstellungen. Klicken Sie auf Erweiterte Einstellungen anzeigen. Klicken Sie im Abschnitt \u201eDatenschutz\u201d auf Inhaltseinstellungen. Im Abschnitt \u201eCookies\u201d k\u00f6nnen Sie Cookies blockieren.<\/p>\n<p>Bei Chrome: Klicken Sie auf die Men\u00fc-Schaltfl\u00e4che (symbolisiert durch drei horizontale Linien) in der oberen rechten Ecke des Browsers. W\u00e4hlen Sie Einstellungen. Klicken Sie auf Erweiterte Einstellungen anzeigen. Klicken Sie im Abschnitt \u201eDatenschutz\u201d auf Einstellungen. In der Registerkarte \u201eDatenschutz\u201d k\u00f6nnen Sie Cookies blockieren.<\/p>\n<h2>9. Anwendbares Recht und Gerichtsstand.<\/h2>\n<p>Alle Streitigkeiten im Zusammenhang mit der Nutzung der Website www.thememorist.com unterliegen dem franz\u00f6sischen Recht. Der ausschlie\u00dfliche Gerichtsstand liegt bei den zust\u00e4ndigen Gerichten in Bordeaux.<\/p>\n<h2>10. Die wichtigsten betroffenen Gesetze.<\/h2>\n<p>Gesetz Nr. 78-17 vom 6. Januar 1978, ge\u00e4ndert durch das Gesetz Nr. 2004-801 vom 6. August 2004 \u00fcber Datenverarbeitung, Dateien und Freiheitsrechte.<\/p>\n<p>Gesetz Nr. 2004-575 vom 21. Juni 2004 \u00fcber das Vertrauen in die digitale Wirtschaft.<\/p>\n<h2>11. Lexikon.<\/h2>\n<p>Benutzer: Internetsurfer, der auf die oben genannte Website zugreift und sie benutzt.<\/p>\n<p>Pers\u00f6nliche Informationen: \u201eInformationen, die in jeglicher Form, direkt oder indirekt, die Identifizierung der nat\u00fcrlichen Personen erm\u00f6glichen, auf die sie sich beziehen\u201d (Artikel 4 des Gesetzes Nr. 78-17 vom 6. Januar 1978).<\/p>\n<p>Index der beruflichen Gleichstellung von Frauen und M\u00e4nnern<\/p>\n<p>Memorist hat seine Berichtspflicht f\u00fcr den Index der beruflichen Gleichstellung 2020 erf\u00fcllt.<\/p>\n<p>[\/et_pb_text][\/et_pb_column][\/et_pb_row][\/et_pb_section]<\/p>\n","protected":false},"excerpt":{"rendered":"<p>1. Pr\u00e4sentation der Website. Gem\u00e4\u00df Artikel 6 des Gesetzes Nr. 2004-575 vom 21. Juni 2004 \u00fcber das Vertrauen in die digitale Wirtschaft wird den Benutzern der Website https:\/\/staging.thememorist.com\/ die Identit\u00e4t der verschiedenen Akteure im Rahmen der Erstellung und Betreuung der Website mitgeteilt: Eigent\u00fcmer: Arkh\u00eanum \u2013 SAS 42208548000057 \u2013 7 rue Joseph Bonnet, 33100 Bordeaux \u2013 [&hellip;]<\/p>\n","protected":false},"author":2,"featured_media":244727,"parent":0,"menu_order":0,"comment_status":"closed","ping_status":"closed","template":"","meta":{"_acf_changed":false,"_et_pb_use_builder":"on","_et_pb_old_content":"","_et_gb_content_width":"","inline_featured_image":false,"footnotes":""},"acf":[],"_links":{"self":[{"href":"https:\/\/staging.thememorist.com\/de\/wp-json\/wp\/v2\/pages\/246727"}],"collection":[{"href":"https:\/\/staging.thememorist.com\/de\/wp-json\/wp\/v2\/pages"}],"about":[{"href":"https:\/\/staging.thememorist.com\/de\/wp-json\/wp\/v2\/types\/page"}],"author":[{"embeddable":true,"href":"https:\/\/staging.thememorist.com\/de\/wp-json\/wp\/v2\/users\/2"}],"replies":[{"embeddable":true,"href":"https:\/\/staging.thememorist.com\/de\/wp-json\/wp\/v2\/comments?post=246727"}],"version-history":[{"count":6,"href":"https:\/\/staging.thememorist.com\/de\/wp-json\/wp\/v2\/pages\/246727\/revisions"}],"predecessor-version":[{"id":254445,"href":"https:\/\/staging.thememorist.com\/de\/wp-json\/wp\/v2\/pages\/246727\/revisions\/254445"}],"wp:featuredmedia":[{"embeddable":true,"href":"https:\/\/staging.thememorist.com\/de\/wp-json\/wp\/v2\/media\/244727"}],"wp:attachment":[{"href":"https:\/\/staging.thememorist.com\/de\/wp-json\/wp\/v2\/media?parent=246727"}],"curies":[{"name":"wp","href":"https:\/\/api.w.org\/{rel}","templated":true}]}}