{"id":250022,"date":"2023-09-21T10:43:21","date_gmt":"2023-09-21T10:43:21","guid":{"rendered":"https:\/\/staging.thememorist.com\/our-network\/"},"modified":"2025-09-17T12:05:42","modified_gmt":"2025-09-17T12:05:42","slug":"unser-netzwerk","status":"publish","type":"page","link":"https:\/\/staging.thememorist.com\/de\/unser-netzwerk\/","title":{"rendered":"Unser Netzwerk"},"content":{"rendered":"<p>[et_pb_section fb_built=&#8220;1&#8243; fullwidth=&#8220;on&#8220; disabled_on=&#8220;off|off|off&#8220; _builder_version=&#8220;4.21.0&#8243; _dynamic_attributes=&#8220;background_image&#8220; _module_preset=&#8220;default&#8220; background_image=&#8220;@ET-DC@eyJkeW5hbWljIjp0cnVlLCJjb250ZW50IjoicG9zdF9mZWF0dXJlZF9pbWFnZSIsInNldHRpbmdzIjp7fX0=@&#8220; height_tablet=&#8220;640px&#8220; height_phone=&#8220;640px&#8220; height_last_edited=&#8220;off|desktop&#8220; custom_margin=&#8220;-6.3vh||||false|false&#8220; locked=&#8220;off&#8220; global_colors_info=&#8220;{}&#8220;][et_pb_fullwidth_image title_text=&#8220;feature_img&#8220; _builder_version=&#8220;4.22.2&#8243; _dynamic_attributes=&#8220;background_image&#8220; _module_preset=&#8220;default&#8220; background_image=&#8220;@ET-DC@eyJkeW5hbWljIjp0cnVlLCJjb250ZW50IjoicG9zdF9mZWF0dXJlZF9pbWFnZSIsInNldHRpbmdzIjp7fX0=@&#8220; background_position=&#8220;top_center&#8220; background_vertical_offset=&#8220;37%&#8220; module_alignment=&#8220;center&#8220; height=&#8220;540px&#8220; max_height=&#8220;540px&#8220; custom_padding=&#8220;||0px|||&#8220; global_colors_info=&#8220;{}&#8220;][\/et_pb_fullwidth_image][\/et_pb_section][et_pb_section fb_built=&#8220;1&#8243; prev_background_color=&#8220;#ffffff&#8220; _builder_version=&#8220;4.27.0&#8243; _module_preset=&#8220;default&#8220; background_color=&#8220;gcid-4851f413-f534-4884-be0f-d97328b4c5d9&#8243; z_index=&#8220;3&#8243; custom_padding=&#8220;||3px|||&#8220; top_divider_style=&#8220;wave&#8220; top_divider_height=&#8220;56px&#8220; hover_enabled=&#8220;0&#8243; locked=&#8220;off&#8220; collapsed=&#8220;off&#8220; global_colors_info=&#8220;{%22gcid-4851f413-f534-4884-be0f-d97328b4c5d9%22:%91%22background_color%22%93}&#8220; sticky_enabled=&#8220;0&#8243;][et_pb_row column_structure=&#8220;1_4,3_4&#8243; use_custom_gutter=&#8220;on&#8220; gutter_width=&#8220;2&#8243; make_equal=&#8220;on&#8220; disabled_on=&#8220;off|off|off&#8220; _builder_version=&#8220;4.16&#8243; _module_preset=&#8220;default&#8220; width=&#8220;90%&#8220; module_alignment=&#8220;left&#8220; custom_margin=&#8220;||||false|false&#8220; custom_padding=&#8220;|||20px|false|false&#8220; custom_css_main_element=&#8220;display: flex;flex-direction: row;justify-content: flex-end;align-items: center;||||&#8220; collapsed=&#8220;off&#8220; global_colors_info=&#8220;{}&#8220; custom_css_main_element_last_edited=&#8220;on|phone&#8220; custom_css_main_element_tablet=&#8220;display: flex;flex-direction: row;justify-content: flex-end;align-items: center;||||&#8220; custom_css_main_element_phone=&#8220;display: flex;flex-direction: row;justify-content: flex-end;align-items: center;||||&#8220;][et_pb_column type=&#8220;1_4&#8243; admin_label=&#8220;logotype&#8220; _builder_version=&#8220;4.16&#8243; _module_preset=&#8220;default&#8220; custom_css_main_element=&#8220;width: 70px;||max-width: 70px;&#8220; global_colors_info=&#8220;{}&#8220;][et_pb_image src=&#8220;https:\/\/staging.thememorist.com\/wp-content\/uploads\/2025\/09\/MEMORIST-ICONE-SABLE.png&#8220; title_text=&#8220;MEMORIST-ICONE-SABLE&#8220; show_bottom_space=&#8220;off&#8220; align=&#8220;center&#8220; _builder_version=&#8220;4.27.0&#8243; _module_preset=&#8220;default&#8220; width=&#8220;100%&#8220; max_width=&#8220;100%&#8220; module_alignment=&#8220;right&#8220; min_height=&#8220;60px&#8220; height=&#8220;60px&#8220; max_height=&#8220;60px&#8220; custom_margin=&#8220;0px|0px|0px|0px|false|false&#8220; custom_padding=&#8220;0px|0px|0px|0px|false|false&#8220; hover_enabled=&#8220;0&#8243; global_colors_info=&#8220;{}&#8220; sticky_enabled=&#8220;0&#8243;][\/et_pb_image][\/et_pb_column][et_pb_column type=&#8220;3_4&#8243; admin_label=&#8220;H1 title&#8220; _builder_version=&#8220;4.16&#8243; _module_preset=&#8220;default&#8220; custom_padding=&#8220;|||15px|false|false&#8220; custom_css_main_element=&#8220;width:100%;||align-items: center;&#8220; global_colors_info=&#8220;{}&#8220;][et_pb_text _builder_version=&#8220;4.23.1&#8243; _module_preset=&#8220;default&#8220; text_font=&#8220;|600||on|||||&#8220; text_font_size=&#8220;32px&#8220; text_letter_spacing=&#8220;1px&#8220; header_font=&#8220;|600|||||||&#8220; header_font_size=&#8220;32px&#8220; global_colors_info=&#8220;{}&#8220;]<\/p>\n<h1>\u00dcBER MOBILITAS<\/h1>\n<p>[\/et_pb_text][\/et_pb_column][\/et_pb_row][et_pb_row disabled_on=&#8220;off|off|off&#8220; _builder_version=&#8220;4.21.0&#8243; _module_preset=&#8220;default&#8220; global_colors_info=&#8220;{}&#8220;][et_pb_column type=&#8220;4_4&#8243; _builder_version=&#8220;4.21.0&#8243; _module_preset=&#8220;default&#8220; global_colors_info=&#8220;{}&#8220;][et_pb_text _builder_version=&#8220;4.25.1&#8243; _module_preset=&#8220;default&#8220; global_colors_info=&#8220;{}&#8220;]<\/p>\n<p>Die vor 50 Jahren gegr\u00fcndete und heute in dritter Generation von den Familien Ta\u00efeb und Castro gef\u00fchrte MOBILITAS-Gruppe ist ein mittelgro\u00dfes Unternehmen (ETI), das sich auf die Mobilit\u00e4t von G\u00fctern und Personen, die physische und digitale Archivierung und die digitale Bewahrung des Kulturerbes spezialisiert hat. Der Konzern, die in mehr als 100 L\u00e4ndern vertreten ist, st\u00fctzt sich einerseits auf sein eigenes Netzwerk und andererseits auf seine exklusiven Vertreter, um seinen Kunden in allen seinen Gesch\u00e4ftsbereichen einen herausragenden Service zu bieten. Langfristigkeit spiegelt ihre Philosophie und Kultur wider, die ihre wichtigen unternehmerischen und Investitionsentscheidungen leiten. Entscheidungen, die den Konzern regelm\u00e4\u00dfig formen und st\u00e4rken, um ihn zu neuen Prozessen, neuen Berufen und neuen Horizonten zu f\u00fchren.<\/p>\n<p>[\/et_pb_text][\/et_pb_column][\/et_pb_row][et_pb_row disabled_on=&#8220;on|on|on&#8220; _builder_version=&#8220;4.16&#8243; _module_preset=&#8220;default&#8220; disabled=&#8220;on&#8220; locked=&#8220;off&#8220; global_colors_info=&#8220;{}&#8220;][et_pb_column type=&#8220;4_4&#8243; _builder_version=&#8220;4.16&#8243; _module_preset=&#8220;default&#8220; global_colors_info=&#8220;{}&#8220;][et_pb_divider _builder_version=&#8220;4.16&#8243; _module_preset=&#8220;a3363d26-3451-464f-a66a-afb14815f04f&#8220; global_colors_info=&#8220;{}&#8220;][\/et_pb_divider][\/et_pb_column][\/et_pb_row][et_pb_row column_structure=&#8220;1_4,3_4&#8243; use_custom_gutter=&#8220;on&#8220; gutter_width=&#8220;2&#8243; make_equal=&#8220;on&#8220; _builder_version=&#8220;4.16&#8243; _module_preset=&#8220;default&#8220; width=&#8220;90%&#8220; module_alignment=&#8220;left&#8220; custom_margin=&#8220;||||false|false&#8220; custom_padding=&#8220;|||20px|false|false&#8220; custom_css_main_element=&#8220;display: flex;flex-direction: row;justify-content: flex-end;align-items: center;||||&#8220; collapsed=&#8220;off&#8220; global_colors_info=&#8220;{}&#8220; custom_css_main_element_last_edited=&#8220;on|phone&#8220; custom_css_main_element_tablet=&#8220;display: flex;flex-direction: row;justify-content: flex-end;align-items: center;||||&#8220; custom_css_main_element_phone=&#8220;display: flex;flex-direction: row;justify-content: flex-end;align-items: center;||||&#8220;][et_pb_column type=&#8220;1_4&#8243; admin_label=&#8220;logotype&#8220; _builder_version=&#8220;4.16&#8243; _module_preset=&#8220;default&#8220; custom_css_main_element=&#8220;width: 70px;||max-width: 70px;&#8220; global_colors_info=&#8220;{}&#8220;][et_pb_image src=&#8220;https:\/\/staging.thememorist.com\/wp-content\/uploads\/2025\/09\/MEMORIST-ICONE-SABLE.png&#8220; title_text=&#8220;MEMORIST-ICONE-SABLE&#8220; show_bottom_space=&#8220;off&#8220; align=&#8220;center&#8220; _builder_version=&#8220;4.27.0&#8243; _module_preset=&#8220;default&#8220; width=&#8220;100%&#8220; max_width=&#8220;100%&#8220; module_alignment=&#8220;right&#8220; min_height=&#8220;60px&#8220; height=&#8220;60px&#8220; max_height=&#8220;60px&#8220; custom_margin=&#8220;0px|0px|0px|0px|false|false&#8220; custom_padding=&#8220;0px|0px|0px|0px|false|false&#8220; hover_enabled=&#8220;0&#8243; global_colors_info=&#8220;{}&#8220; sticky_enabled=&#8220;0&#8243;][\/et_pb_image][\/et_pb_column][et_pb_column type=&#8220;3_4&#8243; admin_label=&#8220;H1 title&#8220; _builder_version=&#8220;4.16&#8243; _module_preset=&#8220;default&#8220; custom_padding=&#8220;|||15px|false|false&#8220; custom_css_main_element=&#8220;width:100%;||align-items: center;&#8220; global_colors_info=&#8220;{}&#8220;][et_pb_text _builder_version=&#8220;4.23.1&#8243; _module_preset=&#8220;default&#8220; text_font=&#8220;|600||on|||||&#8220; text_font_size=&#8220;32px&#8220; text_letter_spacing=&#8220;1px&#8220; header_font=&#8220;|600|||||||&#8220; header_font_size=&#8220;32px&#8220; global_colors_info=&#8220;{}&#8220;]<\/p>\n<h1>UNSER NETZWERK<\/h1>\n<p>[\/et_pb_text][\/et_pb_column][\/et_pb_row][et_pb_row _builder_version=&#8220;4.21.0&#8243; _module_preset=&#8220;default&#8220; global_colors_info=&#8220;{}&#8220;][et_pb_column type=&#8220;4_4&#8243; _builder_version=&#8220;4.21.0&#8243; _module_preset=&#8220;default&#8220; global_colors_info=&#8220;{}&#8220;][et_pb_code _builder_version=&#8220;4.23.1&#8243; _module_preset=&#8220;default&#8220; global_colors_info=&#8220;{}&#8220;]<div class=\"map_wrapper\" id=\"map_wrapper_250023\">\n<div class=\"map_box\" style=\"max-width:2000px\">\n<div class=\"map_aspect_ratio\" style=\"padding-top:56%\" data-padding-top=\"56%\" data-padding-top-mobile=\"0%\">\n<div class=\"map_container\">\n<div class=\"map_render map_loading\" id=\"map_250023\"><\/div>\n<\/div>\n<\/div>\n<\/div>\n<\/div>[\/et_pb_code][et_pb_code _builder_version=&#8220;4.22.2&#8243; _module_preset=&#8220;default&#8220; global_colors_info=&#8220;{}&#8220;]<\/p>\n<style><!-- [et_pb_line_break_holder] -->.imapsCircle {<!-- [et_pb_line_break_holder] -->    outline-offset: 12px;<!-- [et_pb_line_break_holder] -->    outline: 1px dashed #dd542a;<!-- [et_pb_line_break_holder] -->    border-radius: 50%;<!-- [et_pb_line_break_holder] -->}<!-- [et_pb_line_break_holder] --><\/style>\n<p>[\/et_pb_code][\/et_pb_column][\/et_pb_row][\/et_pb_section]<\/p>\n","protected":false},"excerpt":{"rendered":"<p>\u00dcBER MOBILITASDie vor 50 Jahren gegr\u00fcndete und heute in dritter Generation von den Familien Ta\u00efeb und Castro gef\u00fchrte MOBILITAS-Gruppe ist ein mittelgro\u00dfes Unternehmen (ETI), das sich auf die Mobilit\u00e4t von G\u00fctern und Personen, die physische und digitale Archivierung und die digitale Bewahrung des Kulturerbes spezialisiert hat. Der Konzern, die in mehr als 100 L\u00e4ndern vertreten [&hellip;]<\/p>\n","protected":false},"author":13,"featured_media":245745,"parent":0,"menu_order":0,"comment_status":"closed","ping_status":"closed","template":"","meta":{"_acf_changed":false,"_et_pb_use_builder":"on","_et_pb_old_content":"","_et_gb_content_width":"","inline_featured_image":false,"footnotes":""},"acf":[],"_links":{"self":[{"href":"https:\/\/staging.thememorist.com\/de\/wp-json\/wp\/v2\/pages\/250022"}],"collection":[{"href":"https:\/\/staging.thememorist.com\/de\/wp-json\/wp\/v2\/pages"}],"about":[{"href":"https:\/\/staging.thememorist.com\/de\/wp-json\/wp\/v2\/types\/page"}],"author":[{"embeddable":true,"href":"https:\/\/staging.thememorist.com\/de\/wp-json\/wp\/v2\/users\/13"}],"replies":[{"embeddable":true,"href":"https:\/\/staging.thememorist.com\/de\/wp-json\/wp\/v2\/comments?post=250022"}],"version-history":[{"count":12,"href":"https:\/\/staging.thememorist.com\/de\/wp-json\/wp\/v2\/pages\/250022\/revisions"}],"predecessor-version":[{"id":254362,"href":"https:\/\/staging.thememorist.com\/de\/wp-json\/wp\/v2\/pages\/250022\/revisions\/254362"}],"wp:featuredmedia":[{"embeddable":true,"href":"https:\/\/staging.thememorist.com\/de\/wp-json\/wp\/v2\/media\/245745"}],"wp:attachment":[{"href":"https:\/\/staging.thememorist.com\/de\/wp-json\/wp\/v2\/media?parent=250022"}],"curies":[{"name":"wp","href":"https:\/\/api.w.org\/{rel}","templated":true}]}}