{"id":244769,"date":"2022-10-14T08:48:20","date_gmt":"2022-10-14T08:48:20","guid":{"rendered":"https:\/\/staging.thememorist.com\/preserve\/"},"modified":"2023-08-14T12:22:23","modified_gmt":"2023-08-14T12:22:23","slug":"heritage-preservation","status":"publish","type":"page","link":"https:\/\/staging.thememorist.com\/en\/heritage-preservation\/","title":{"rendered":"Conserve"},"content":{"rendered":"<p>[et_pb_section fb_built=&#8221;1&#8243; fullwidth=&#8221;on&#8221; disabled_on=&#8221;off|off|off&#8221; _builder_version=&#8221;4.16&#8243; _dynamic_attributes=&#8221;background_image&#8221; _module_preset=&#8221;default&#8221; background_image=&#8221;@ET-DC@eyJkeW5hbWljIjp0cnVlLCJjb250ZW50IjoicG9zdF9mZWF0dXJlZF9pbWFnZSIsInNldHRpbmdzIjp7fX0=@&#8221; height=&#8221;640px&#8221; height_tablet=&#8221;640px&#8221; height_phone=&#8221;640px&#8221; height_last_edited=&#8221;on|phone&#8221; max_height=&#8221;480px&#8221; global_colors_info=&#8221;{}&#8221; locked=&#8221;off&#8221;][et_pb_fullwidth_image _builder_version=&#8221;4.16&#8243; _dynamic_attributes=&#8221;background_image&#8221; _module_preset=&#8221;default&#8221; background_image=&#8221;@ET-DC@eyJkeW5hbWljIjp0cnVlLCJjb250ZW50IjoicG9zdF9mZWF0dXJlZF9pbWFnZSIsInNldHRpbmdzIjp7fX0=@&#8221; parallax=&#8221;on&#8221; max_height=&#8221;640px&#8221; global_colors_info=&#8221;{}&#8221;][\/et_pb_fullwidth_image][\/et_pb_section][et_pb_section fb_built=&#8221;1&#8243; prev_background_color=&#8221;#ffffff&#8221; _builder_version=&#8221;4.16&#8243; _module_preset=&#8221;default&#8221; background_color=&#8221;#052849&#8243; top_divider_style=&#8221;wave&#8221; top_divider_height=&#8221;56px&#8221; global_colors_info=&#8221;{}&#8221; locked=&#8221;off&#8221;][et_pb_row column_structure=&#8221;1_4,3_4&#8243; use_custom_gutter=&#8221;on&#8221; gutter_width=&#8221;2&#8243; make_equal=&#8221;on&#8221; _builder_version=&#8221;4.16&#8243; _module_preset=&#8221;default&#8221; width=&#8221;90%&#8221; module_alignment=&#8221;left&#8221; custom_margin=&#8221;||||false|false&#8221; custom_padding=&#8221;|||20px|false|false&#8221; custom_css_main_element=&#8221;display: flex;flex-direction: row;justify-content: flex-end;align-items: center;||||&#8221; global_colors_info=&#8221;{}&#8221; custom_css_main_element_last_edited=&#8221;on|phone&#8221; custom_css_main_element_tablet=&#8221;display: flex;flex-direction: row;justify-content: flex-end;align-items: center;||||&#8221; custom_css_main_element_phone=&#8221;display: flex;flex-direction: row;justify-content: flex-end;align-items: center;||||&#8221;][et_pb_column type=&#8221;1_4&#8243; admin_label=&#8221;logotype&#8221; _builder_version=&#8221;4.16&#8243; _module_preset=&#8221;default&#8221; custom_css_main_element=&#8221;width: 70px;||max-width: 70px;&#8221; global_colors_info=&#8221;{}&#8221;][et_pb_image src=&#8221;https:\/\/staging.thememorist.com\/wp-content\/uploads\/2022\/10\/MEMORIST-ICONE-ORANGE.png&#8221; title_text=&#8221;MEMORIST-ICONE-ORANGE&#8221; show_bottom_space=&#8221;off&#8221; align=&#8221;center&#8221; _builder_version=&#8221;4.16&#8243; _module_preset=&#8221;default&#8221; width=&#8221;100%&#8221; max_width=&#8221;100%&#8221; module_alignment=&#8221;right&#8221; min_height=&#8221;60px&#8221; height=&#8221;60px&#8221; max_height=&#8221;60px&#8221; custom_margin=&#8221;0px|0px|0px|0px|false|false&#8221; custom_padding=&#8221;0px|0px|0px|0px|false|false&#8221; global_colors_info=&#8221;{}&#8221;][\/et_pb_image][\/et_pb_column][et_pb_column type=&#8221;3_4&#8243; admin_label=&#8221;H1 title&#8221; _builder_version=&#8221;4.16&#8243; _module_preset=&#8221;default&#8221; custom_padding=&#8221;|||15px|false|false&#8221; custom_css_main_element=&#8221;width:100%;||align-items: center;&#8221; global_colors_info=&#8221;{}&#8221;][et_pb_text _builder_version=&#8221;4.21.0&#8243; _module_preset=&#8221;default&#8221; header_font=&#8221;|600||on|||||&#8221; header_font_size=&#8221;32px&#8221; header_letter_spacing=&#8221;1px&#8221; hover_enabled=&#8221;0&#8243; sticky_enabled=&#8221;0&#8243;]<\/p>\n<h1>Conserve<\/h1>\n<p>[\/et_pb_text][\/et_pb_column][\/et_pb_row][\/et_pb_section][et_pb_section fb_built=&#8221;1&#8243; admin_label=&#8221;expertiser&#8221; module_id=&#8221;expertiser&#8221; _builder_version=&#8221;4.16&#8243; _module_preset=&#8221;6002e40f-1f23-4612-8704-440729494ee4&#8243; collapsed=&#8221;off&#8221; global_colors_info=&#8221;{}&#8221;][et_pb_row column_structure=&#8221;1_2,1_2&#8243; make_equal=&#8221;on&#8221; module_id=&#8221;expertiser&#8221; _builder_version=&#8221;4.16&#8243; _module_preset=&#8221;efd55eca-6fec-4cc2-9bdc-554d7a253258&#8243; global_colors_info=&#8221;{}&#8221;][et_pb_column type=&#8221;1_2&#8243; _builder_version=&#8221;4.16&#8243; _module_preset=&#8221;default&#8221; global_colors_info=&#8221;{}&#8221;][et_pb_image src=&#8221;https:\/\/staging.thememorist.com\/wp-content\/uploads\/2022\/10\/preserver-expertiser-0-scaled.jpg&#8221; alt=&#8221;numeriser-2D-iconographie&#8221; title_text=&#8221;preserver-expertiser-0&#8243; force_fullwidth=&#8221;on&#8221; _builder_version=&#8221;4.16&#8243; _module_preset=&#8221;0d93085b-4130-4d3e-be0e-6210c74865f7&#8243; global_colors_info=&#8221;{}&#8221;][\/et_pb_image][\/et_pb_column][et_pb_column type=&#8221;1_2&#8243; _builder_version=&#8221;4.16&#8243; _module_preset=&#8221;default&#8221; global_colors_info=&#8221;{}&#8221;][et_pb_text admin_label=&#8221;Text&#8221; _builder_version=&#8221;4.16&#8243; _module_preset=&#8221;4d210997-881b-4981-9f42-50a7c50b59d4&#8243; global_colors_info=&#8221;{}&#8221;]<\/p>\n<h2>Expertise<\/h2>\n<p>[\/et_pb_text][et_pb_divider _builder_version=&#8221;4.16&#8243; _module_preset=&#8221;760a2f8d-29c8-4ef6-8dac-db61c1d37796&#8243; saved_tabs=&#8221;all&#8221; global_colors_info=&#8221;{}&#8221;][\/et_pb_divider][et_pb_text _builder_version=&#8221;4.16&#8243; _module_preset=&#8221;a15a8181-65f0-4980-b2fa-dc8c9c2eed60&#8243; global_colors_info=&#8221;{}&#8221;]<\/p>\n<p>From the simplest to the most complex and varied collections, <a href=\"\/en\/\">MEMORIST<\/a> experts analyze the problems presented and the operational objectives of each client.<\/p>\n<p><a href=\"https:\/\/www.arkhenum.fr\/expertises\/gestion-des-fonds-patrimoniaux\/\">A heritage strategy audit<\/a> offers a global vision of your needs or allows you to focus on a specific aspect of the heritage process: preservation, restoration, digitization or communication.<\/p>\n<p>More advanced audits allow us to draw the outlines of the project:<\/p>\n<ul>\n<li>General inventory (typology, volume, condition)<\/li>\n<li>Conservation advice (volumetric and typological evaluation, damaged collections, preventative measures)<\/li>\n<li>Condition reports (identification of signs of damaged, etc.)<\/li>\n<li>Heritage strategy (explanation of proposed choices)<\/li>\n<li>Quality insurance plans<\/li>\n<\/ul>\n<p>[\/et_pb_text][\/et_pb_column][\/et_pb_row][et_pb_row _builder_version=&#8221;4.16&#8243; _module_preset=&#8221;default&#8221; global_colors_info=&#8221;{}&#8221;][et_pb_column type=&#8221;4_4&#8243; _builder_version=&#8221;4.16&#8243; _module_preset=&#8221;default&#8221; global_colors_info=&#8221;{}&#8221;][et_pb_gallery gallery_ids=&#8221;243399,243400,243401,243402&#8243; _builder_version=&#8221;4.16&#8243; _module_preset=&#8221;81b90dc2-b5ba-4ece-b593-d8ce446ad1a5&#8243; global_colors_info=&#8221;{}&#8221;][\/et_pb_gallery][\/et_pb_column][\/et_pb_row][\/et_pb_section][et_pb_section fb_built=&#8221;1&#8243; admin_label=&#8221;organiser&#8221; module_id=&#8221;organiser&#8221; _builder_version=&#8221;4.16&#8243; _module_preset=&#8221;96ddfa2d-4979-436e-9fdd-1054096f22f6&#8243; background_color=&#8221;RGBA(255,255,255,0)&#8221; collapsed=&#8221;on&#8221; global_colors_info=&#8221;{}&#8221;][et_pb_row _builder_version=&#8221;4.16&#8243; _module_preset=&#8221;default&#8221; global_colors_info=&#8221;{}&#8221;][et_pb_column type=&#8221;4_4&#8243; _builder_version=&#8221;4.16&#8243; _module_preset=&#8221;default&#8221; global_colors_info=&#8221;{}&#8221;][et_pb_divider _builder_version=&#8221;4.16&#8243; _module_preset=&#8221;a3363d26-3451-464f-a66a-afb14815f04f&#8221; global_colors_info=&#8221;{}&#8221;][\/et_pb_divider][\/et_pb_column][\/et_pb_row][et_pb_row column_structure=&#8221;1_2,1_2&#8243; make_equal=&#8221;on&#8221; module_id=&#8221;organiser&#8221; _builder_version=&#8221;4.16&#8243; _module_preset=&#8221;dad89077-b2e2-436d-b612-3802a4fb974f&#8221; global_colors_info=&#8221;{}&#8221;][et_pb_column type=&#8221;1_2&#8243; _builder_version=&#8221;4.16&#8243; _module_preset=&#8221;default&#8221; global_colors_info=&#8221;{}&#8221;][et_pb_text admin_label=&#8221;Text&#8221; _builder_version=&#8221;4.16&#8243; _module_preset=&#8221;4d210997-881b-4981-9f42-50a7c50b59d4&#8243; global_colors_info=&#8221;{}&#8221;]<\/p>\n<h2>Organize<\/h2>\n<p>[\/et_pb_text][et_pb_divider _builder_version=&#8221;4.16&#8243; _module_preset=&#8221;760a2f8d-29c8-4ef6-8dac-db61c1d37796&#8243; saved_tabs=&#8221;all&#8221; global_colors_info=&#8221;{}&#8221;][\/et_pb_divider][et_pb_text _builder_version=&#8221;4.16&#8243; _module_preset=&#8221;a15a8181-65f0-4980-b2fa-dc8c9c2eed60&#8243; global_colors_info=&#8221;{}&#8221;]<\/p>\n<p>We organize heritage collections and establish targeted action plans:<\/p>\n<ul>\n<li>Analysis of the collections<\/li>\n<li>Inventory and analysis<\/li>\n<li>Simple or detailed inventory<\/li>\n<li>Processing guidelines<\/li>\n<li>Reconditioning (standardized, in partnership with recognized service providers, by experts trained in handling)<\/li>\n<\/ul>\n<p>More specifically, we organize the heritage collections for optimal digitization and conservation.<\/p>\n<p>[\/et_pb_text][\/et_pb_column][et_pb_column type=&#8221;1_2&#8243; _builder_version=&#8221;4.16&#8243; _module_preset=&#8221;default&#8221; global_colors_info=&#8221;{}&#8221;][et_pb_image src=&#8221;https:\/\/staging.thememorist.com\/wp-content\/uploads\/2022\/10\/preserver-organiser-0-scaled.jpg&#8221; alt=&#8221;numeriser-2D-iconographie&#8221; title_text=&#8221;preserver-organiser-0&#8243; _builder_version=&#8221;4.16&#8243; _module_preset=&#8221;0d93085b-4130-4d3e-be0e-6210c74865f7&#8243; global_colors_info=&#8221;{}&#8221;][\/et_pb_image][\/et_pb_column][\/et_pb_row][et_pb_row _builder_version=&#8221;4.16&#8243; _module_preset=&#8221;default&#8221; module_alignment=&#8221;center&#8221; global_colors_info=&#8221;{}&#8221;][et_pb_column type=&#8221;4_4&#8243; _builder_version=&#8221;4.16&#8243; _module_preset=&#8221;default&#8221; global_colors_info=&#8221;{}&#8221;][et_pb_gallery gallery_ids=&#8221;243405,243406,243407,243408&#8243; _builder_version=&#8221;4.16&#8243; _module_preset=&#8221;81b90dc2-b5ba-4ece-b593-d8ce446ad1a5&#8243; module_alignment=&#8221;center&#8221; global_colors_info=&#8221;{}&#8221;][\/et_pb_gallery][\/et_pb_column][\/et_pb_row][\/et_pb_section][et_pb_section fb_built=&#8221;1&#8243; admin_label=&#8221;conservation&#8221; module_id=&#8221;conservation&#8221; _builder_version=&#8221;4.16&#8243; _module_preset=&#8221;96ddfa2d-4979-436e-9fdd-1054096f22f6&#8243; collapsed=&#8221;off&#8221; global_colors_info=&#8221;{}&#8221;][et_pb_row _builder_version=&#8221;4.16&#8243; _module_preset=&#8221;default&#8221; global_colors_info=&#8221;{}&#8221;][et_pb_column type=&#8221;4_4&#8243; _builder_version=&#8221;4.16&#8243; _module_preset=&#8221;default&#8221; global_colors_info=&#8221;{}&#8221;][et_pb_divider _builder_version=&#8221;4.16&#8243; _module_preset=&#8221;a3363d26-3451-464f-a66a-afb14815f04f&#8221; global_colors_info=&#8221;{}&#8221;][\/et_pb_divider][\/et_pb_column][\/et_pb_row][et_pb_row column_structure=&#8221;1_2,1_2&#8243; make_equal=&#8221;on&#8221; module_id=&#8221;3d&#8221; _builder_version=&#8221;4.16&#8243; _module_preset=&#8221;dad89077-b2e2-436d-b612-3802a4fb974f&#8221; global_colors_info=&#8221;{}&#8221;][et_pb_column type=&#8221;1_2&#8243; admin_label=&#8221;column text&#8221; _builder_version=&#8221;4.16&#8243; _module_preset=&#8221;e35c7d15-c8ab-4f5c-9e3d-28e713cfd29a&#8221; custom_css_main_element=&#8221;order: 1;&#8221; global_colors_info=&#8221;{}&#8221;][et_pb_text admin_label=&#8221;Text&#8221; _builder_version=&#8221;4.16&#8243; _module_preset=&#8221;4d210997-881b-4981-9f42-50a7c50b59d4&#8243; global_colors_info=&#8221;{}&#8221;]<\/p>\n<h2>Preventive conservation<\/h2>\n<p>[\/et_pb_text][et_pb_divider _builder_version=&#8221;4.16&#8243; _module_preset=&#8221;760a2f8d-29c8-4ef6-8dac-db61c1d37796&#8243; saved_tabs=&#8221;all&#8221; global_colors_info=&#8221;{}&#8221;][\/et_pb_divider][et_pb_text _builder_version=&#8221;4.16&#8243; _module_preset=&#8221;a15a8181-65f0-4980-b2fa-dc8c9c2eed60&#8243; global_colors_info=&#8221;{}&#8221;]<\/p>\n<p>Preventive conservation of heritage collections takes the form of the following operations:<\/p>\n<ul>\n<li>Removal of dust from of all types of media (film, photo, paper, parchment&#8230;)<\/li>\n<li>Tests: solubility of ink, identification of glue (adhesive reinforcements or paper)<\/li>\n<li>Selective scrubbing of heavy soiling<\/li>\n<li>Sampling for microbiological analysis (disinfection program)<\/li>\n<\/ul>\n<p>[\/et_pb_text][\/et_pb_column][et_pb_column type=&#8221;1_2&#8243; admin_label=&#8221;column img&#8221; _builder_version=&#8221;4.16&#8243; _module_preset=&#8221;1a404287-0bd6-4df0-ad37-4a063c9d5ee2&#8243; custom_css_main_element=&#8221;order: 2;&#8221; global_colors_info=&#8221;{}&#8221;][et_pb_image src=&#8221;https:\/\/staging.thememorist.com\/wp-content\/uploads\/2022\/10\/preserver-conservation-4.jpg&#8221; title_text=&#8221;Chantier D\u00e9poussi\u00e8rage-r\u00e9colement_Arkhenum&#8221; _builder_version=&#8221;4.16&#8243; _module_preset=&#8221;0d93085b-4130-4d3e-be0e-6210c74865f7&#8243; global_colors_info=&#8221;{}&#8221;][\/et_pb_image][\/et_pb_column][\/et_pb_row][et_pb_row _builder_version=&#8221;4.16&#8243; _module_preset=&#8221;default&#8221; global_colors_info=&#8221;{}&#8221;][et_pb_column type=&#8221;4_4&#8243; _builder_version=&#8221;4.16&#8243; _module_preset=&#8221;default&#8221; global_colors_info=&#8221;{}&#8221;][et_pb_gallery gallery_ids=&#8221;243392,243393,243395,243848&#8243; _builder_version=&#8221;4.16&#8243; _module_preset=&#8221;81b90dc2-b5ba-4ece-b593-d8ce446ad1a5&#8243; box_shadow_style_image=&#8221;preset2&#8243; box_shadow_horizontal_image=&#8221;4px&#8221; box_shadow_vertical_image=&#8221;4px&#8221; box_shadow_blur_image=&#8221;23px&#8221; global_colors_info=&#8221;{}&#8221;][\/et_pb_gallery][\/et_pb_column][\/et_pb_row][\/et_pb_section]<\/p>\n","protected":false},"excerpt":{"rendered":"<p>ConserveExpertiseFrom the simplest to the most complex and varied collections, MEMORIST experts analyze the problems presented and the operational objectives of each client. A heritage strategy audit offers a global vision of your needs or allows you to focus on a specific aspect of the heritage process: preservation, restoration, digitization or communication. More advanced audits [&hellip;]<\/p>\n","protected":false},"author":2,"featured_media":243407,"parent":0,"menu_order":0,"comment_status":"closed","ping_status":"closed","template":"","meta":{"_acf_changed":false,"_et_pb_use_builder":"on","_et_pb_old_content":"","_et_gb_content_width":"","inline_featured_image":false,"footnotes":""},"acf":[],"_links":{"self":[{"href":"https:\/\/staging.thememorist.com\/en\/wp-json\/wp\/v2\/pages\/244769"}],"collection":[{"href":"https:\/\/staging.thememorist.com\/en\/wp-json\/wp\/v2\/pages"}],"about":[{"href":"https:\/\/staging.thememorist.com\/en\/wp-json\/wp\/v2\/types\/page"}],"author":[{"embeddable":true,"href":"https:\/\/staging.thememorist.com\/en\/wp-json\/wp\/v2\/users\/2"}],"replies":[{"embeddable":true,"href":"https:\/\/staging.thememorist.com\/en\/wp-json\/wp\/v2\/comments?post=244769"}],"version-history":[{"count":12,"href":"https:\/\/staging.thememorist.com\/en\/wp-json\/wp\/v2\/pages\/244769\/revisions"}],"predecessor-version":[{"id":247674,"href":"https:\/\/staging.thememorist.com\/en\/wp-json\/wp\/v2\/pages\/244769\/revisions\/247674"}],"wp:featuredmedia":[{"embeddable":true,"href":"https:\/\/staging.thememorist.com\/en\/wp-json\/wp\/v2\/media\/243407"}],"wp:attachment":[{"href":"https:\/\/staging.thememorist.com\/en\/wp-json\/wp\/v2\/media?parent=244769"}],"curies":[{"name":"wp","href":"https:\/\/api.w.org\/{rel}","templated":true}]}}